{"id":98,"date":"2015-02-04T14:25:23","date_gmt":"2015-02-04T14:25:23","guid":{"rendered":"http:\/\/lalanguedesoiseaux.fr\/wp\/?page_id=98"},"modified":"2015-02-04T14:35:21","modified_gmt":"2015-02-04T14:35:21","slug":"personnes-agees","status":"publish","type":"page","link":"https:\/\/lalanguedesoiseaux.fr\/?page_id=98","title":{"rendered":"Ateliers pour les personnes \u00e2g\u00e9es"},"content":{"rendered":"<p><span class=\"yui3-widget yui3-inputwidget yui3-htmleditorwidget\"><span class=\"yui3-htmleditorwidget-content\"><iframe loading=\"lazy\" src=\"http:\/\/www.youtube.com\/embed\/h7KyYHr7hZE\" width=\"420\" height=\"315\" frameborder=\"0\" allowfullscreen=\"allowfullscreen\"><\/iframe><\/span><\/span><br \/>\nAtelier pour personnes \u00e2g\u00e9es, sortie au \u00ab\u00a0Petit Ney\u00a0\u00bb, Paris 18e &#8211; 2008.<\/p>\n<p><strong>1<\/strong>.<strong>Chansons d&rsquo;hier \/ refrains d&rsquo;aujourd&rsquo;hui<\/strong><\/p>\n<p align=\"LEFT\"><strong>RESUME<\/strong><br \/>\nComme son nom l&rsquo;indique, cet atelier consiste, en s&rsquo;inspirant de chansons c\u00e9l\u00e8bres qui font l&rsquo;unanimit\u00e9, \u00e0 cr\u00e9er de nouvelles chansons originales : les paroles et la musique.<br \/>\n<em>NB : Si le groupe manifeste l&rsquo;envie d&rsquo;\u00e9crire des paroles sur un refrain d\u00e9j\u00e0 bien connu, sous suivrons bien entendu ses (l\u00e9gitimes) aspirations.<\/em><br \/>\n<strong>INTENTIONS<\/strong><br \/>\nUn atelier d&rsquo;\u00e9criture de chansons c&rsquo;est, avant tout, le plaisir de l&rsquo;invention\u00a0: partir d&rsquo;un mot, d&rsquo;une phrase, d&rsquo;une image, associer, confronter son imaginaire \u00e0 celui des autres sans se sentir jug\u00e9\u00a0. C&rsquo;est aussi trouver des rep\u00e8res pour \u00eatre efficace\u00a0: relation paroles\/musique, phras\u00e9, rime&#8230; Dans ce cadre, les participants pourront essayer un maximum de \u00ab\u00a0recettes\u00a0\u00bb pour \u00e9crire des chansons qui leur ressemblent. Quoiqu&rsquo;il en soit, le plaisir doit primer bien avant la \u00ab\u00a0technique\u00a0\u00bb&#8230;<br \/>\nA travers l\u2019\u00e9criture et l&rsquo;interpr\u00e9tation des chansons, nous voulons cr\u00e9er un espace-temps chaleureux et propice pour que les personnes \u00e2g\u00e9es \u00e9prouvent du Plaisir !!!<br \/>\nIl s&rsquo;agit de cr\u00e9er un processus d&rsquo;\u00e9mulation afin de valoriser les participants dans leur cr\u00e9ativit\u00e9 individuelle en interaction avec le collectif.<br \/>\n<strong>CONTENU <\/strong><br \/>\nR\u00e9flexion collective pour d\u00e9finir le style de la chanson, l&rsquo;orientation musicale.<br \/>\nInitier \u00e0 la versification, la po\u00e9sie.<br \/>\nDiff\u00e9rents jeux d&rsquo;\u00e9criture individuels ou collectifs : chaque jeu a sa sp\u00e9cificit\u00e9 et permet d&rsquo;aborder diff\u00e9rents registres de cr\u00e9ativit\u00e9 litt\u00e9raire.<br \/>\nDiff\u00e9rents jeux m\u00e9lodiques individuels et collectifs pour chercher et trouver des m\u00e9lodies, aid\u00e9s et accompagn\u00e9s par un piano.<\/p>\n<p align=\"LEFT\">Moments de relaxation afin de cr\u00e9er une atmosph\u00e8re de d\u00e9tente propice \u00e0 la cr\u00e9ation.<\/p>\n<p align=\"LEFT\"><strong>ENREGISTREMENT CD<\/strong><br \/>\nApres avoir cr\u00e9\u00e9 une chanson, nous proposons de la faire chanter par une ou plusieurs personnes, et de cr\u00e9er \u00e9ventuellement des choeurs. Au final, nous faisons un enregistrement et graverons un CD audio en autant d&rsquo;exemplaires que de participants, comprenant les chansons cr\u00e9\u00e9es.<\/p>\n<p align=\"LEFT\">Propos\u00e9 et anim\u00e9 par<br \/>\n<span style=\"text-decoration: underline;\"><a href=\"http:\/\/lalanguedesoiseaux.fr.over-blog.com\/about\/\">Philippe Guinet<\/a>\u00a0<\/span>: auteur, chanteur, r\u00e9alisateur<br \/>\n<span style=\"text-decoration: underline;\"><a href=\"http:\/\/didierducrocq.fr\/\">Didier Ducrocq<\/a>\u00a0<\/span>: compositeur, musicien, ing\u00e9nieur du son, r\u00e9alisateur<\/p>\n<p align=\"LEFT\"><strong>FICHE TECHNIQUE<\/strong> : Nous apportons tout le mat\u00e9riel (audio, piano num\u00e9rique, micros, ordinateur, carte son..) n\u00e9cessaire \u00e0 cet atelier.<\/p>\n<p align=\"LEFT\"><strong>Dur\u00e9e\u00a0: <\/strong>3 heures environ, avec des pauses pour les participants.<\/p>\n<p align=\"LEFT\">Tarif\u00a0: 500 euros ttc, frais de d\u00e9placement en sus selon la distance. Possibilit\u00e9 de forfaits de plusieurs ateliers.<\/p>\n<h2 align=\"LEFT\"><strong>2. Atelier\/Concert participatif<\/strong><\/h2>\n<p><strong>RESUME<\/strong><br \/>\nC&rsquo;est un atelier de paroles, d\u2019\u00e9criture et d&rsquo;interpr\u00e9tation sur le th\u00e8me de la m\u00e9moire, du souvenir, tout en ayant toujours \u00e0 l&rsquo;esprit (bien entendu) le pr\u00e9sent !<br \/>\nLa principale diff\u00e9rence avec le pr\u00e9c\u00e9dent atelier consiste dans le fait qu&rsquo;il ne s&rsquo;agit plus ici de concevoir des chansons. Certes, la musique est partie prenante mais seulement dans l&rsquo;interpr\u00e9tation des refrains connus, comme autant de \u00ab\u00a0plages\u00a0\u00bb m\u00e9lodiques joyeuses et entrainantes.<\/p>\n<p>&nbsp;<\/p>\n<p><strong>INTENTIONS<\/strong><br \/>\nIl s&rsquo;agit de cr\u00e9er une parenth\u00e8se de libert\u00e9 o\u00f9 chacun ait envie de laisser les mots, la parole couler, o\u00f9 l&rsquo;humour et la tendresse aient le droit de cit\u00e9 ! Avant toute chose, nous souhaitons installer une atmosph\u00e8re d&rsquo;\u00e9mulation cr\u00e9ative et de sympathie entre les acteurs de l&rsquo;atelier.<br \/>\nUtiliser ces deux m\u00e9dias (la musique et le texte) compl\u00e9mentaires afin de stimuler l&rsquo;expression de la cr\u00e9ativit\u00e9<br \/>\n.<\/p>\n<p>&nbsp;<\/p>\n<p><strong>CONTENU <\/strong><br \/>\nDiff\u00e9rents jeux d&rsquo;\u00e9criture individuels ou collectifs. Chaque jeu a sa sp\u00e9cificit\u00e9 et permet d&rsquo;aborder diff\u00e9rents registres de cr\u00e9ativit\u00e9 litt\u00e9raire. Un exemple ? Ecrire une lettre \u00e0 une personne aim\u00e9e.<br \/>\nDivers jeux m\u00e9lodiques individuels et collectifs dans un d\u00e9sir de simplicit\u00e9 : ponctuation des textes par des virgules musicales chant\u00e9es, interpr\u00e9t\u00e9es au piano.<br \/>\nCr\u00e9er un cercle de partage dont le lien est la libert\u00e9 d&rsquo;!expression, la sensibilit\u00e9, l&rsquo;\u00e9coute.<br \/>\nMoments de relaxation et d&rsquo;expressions corporelles afin de cr\u00e9er une atmosph\u00e8re de d\u00e9tente propice \u00e0 la cr\u00e9ation.<\/p>\n<p><strong><em><span style=\"text-decoration: underline;\">Dimension transg\u00e9n\u00e9rationnelle&#8230;<\/span><\/em><\/strong><\/p>\n<p align=\"LEFT\">il ne s&rsquo;agit que d&rsquo;une option, toutefois cette exp\u00e9rience de jeux collectifs qui permet de franchir joyeusement la barri\u00e8re des g\u00e9n\u00e9rations nous para\u00eet tr\u00e8s enrichissante.<br \/>\nCet atelier s&rsquo;adresse bien s\u00fbr aux grands-parents mais aussi aux parents, voire m\u00eame&#8230;aux petits enfants ! Tout le monde participe, sur un pied d&rsquo;\u00e9galit\u00e9. Il s&rsquo;agit, l\u00e0 aussi, de resserrer les liens (parentaux, amicaux) entre les diff\u00e9rents acteurs du stage.<\/p>\n<p align=\"LEFT\">Propos\u00e9 et anim\u00e9 par<\/p>\n<p align=\"LEFT\"><span style=\"text-decoration: underline;\"><a href=\"http:\/\/lalanguedesoiseaux.fr.over-blog.com\/about\/\">Philippe Guinet<\/a><\/span>: auteur, chanteur, r\u00e9alisateur.<br \/>\n<span style=\"text-decoration: underline;\"><a href=\"http:\/\/lalanguedesoiseaux.fr\/didier\/\">Didier Ducrocq<\/a>\u00a0<\/span>: compositeur, musicien, r\u00e9alisateur<\/p>\n<p align=\"LEFT\"><strong>FICHE TECHNIQUE :<\/strong> Nous apportons tout le mat\u00e9riel (d&rsquo;\u00e9criture, piano&#8230;) n\u00e9cessaire \u00e0 cet atelier.<\/p>\n<p align=\"LEFT\"><strong>Dur\u00e9e\u00a0: <\/strong>2 heures environ, avec une ou plusieurs pauses pour les participants.<\/p>\n<p align=\"LEFT\">Tarif\u00a0: 400 euros ttc, frais de d\u00e9placement en sus selon la distance. Possibilit\u00e9 de forfaits de plusieurs ateliers.<\/p>\n<p align=\"LEFT\">Contact: contact(arobase)<span class=\"skimlinks-unlinked\">lalanguedesoiseaux.fr<\/span><\/p>\n","protected":false},"excerpt":{"rendered":"<p>Atelier pour personnes \u00e2g\u00e9es, sortie au \u00ab\u00a0Petit Ney\u00a0\u00bb, Paris 18e &#8211; 2008. 1.Chansons d&rsquo;hier \/ refrains d&rsquo;aujourd&rsquo;hui RESUME Comme son nom l&rsquo;indique, cet atelier consiste, en s&rsquo;inspirant de chansons c\u00e9l\u00e8bres qui font l&rsquo;unanimit\u00e9, \u00e0 cr\u00e9er de nouvelles chansons originales : les paroles et la musique. NB : Si le groupe manifeste l&rsquo;envie d&rsquo;\u00e9crire des paroles&#8230;<\/p>\n","protected":false},"author":1,"featured_media":0,"parent":0,"menu_order":0,"comment_status":"closed","ping_status":"closed","template":"","meta":{"footnotes":""},"_links":{"self":[{"href":"https:\/\/lalanguedesoiseaux.fr\/index.php?rest_route=\/wp\/v2\/pages\/98"}],"collection":[{"href":"https:\/\/lalanguedesoiseaux.fr\/index.php?rest_route=\/wp\/v2\/pages"}],"about":[{"href":"https:\/\/lalanguedesoiseaux.fr\/index.php?rest_route=\/wp\/v2\/types\/page"}],"author":[{"embeddable":true,"href":"https:\/\/lalanguedesoiseaux.fr\/index.php?rest_route=\/wp\/v2\/users\/1"}],"replies":[{"embeddable":true,"href":"https:\/\/lalanguedesoiseaux.fr\/index.php?rest_route=%2Fwp%2Fv2%2Fcomments&post=98"}],"version-history":[{"count":4,"href":"https:\/\/lalanguedesoiseaux.fr\/index.php?rest_route=\/wp\/v2\/pages\/98\/revisions"}],"predecessor-version":[{"id":110,"href":"https:\/\/lalanguedesoiseaux.fr\/index.php?rest_route=\/wp\/v2\/pages\/98\/revisions\/110"}],"wp:attachment":[{"href":"https:\/\/lalanguedesoiseaux.fr\/index.php?rest_route=%2Fwp%2Fv2%2Fmedia&parent=98"}],"curies":[{"name":"wp","href":"https:\/\/api.w.org\/{rel}","templated":true}]}}