{"id":95,"date":"2015-02-04T14:23:56","date_gmt":"2015-02-04T14:23:56","guid":{"rendered":"http:\/\/lalanguedesoiseaux.fr\/wp\/?page_id=95"},"modified":"2017-11-09T12:15:45","modified_gmt":"2017-11-09T12:15:45","slug":"parole-et-musique","status":"publish","type":"page","link":"https:\/\/lalanguedesoiseaux.fr\/?page_id=95","title":{"rendered":"Paroles et musique"},"content":{"rendered":"<p><strong>Quoi<\/strong> ? Cr\u00e9ation et enregistrement d&rsquo;une chanson.<br \/>\n<strong>Pour qui<\/strong> ? Pour tous ! Aucun \u00e2ge ni niveau ne sont requis.<br \/>\n<strong>O\u00f9<\/strong> ? Dans le lieu de votre choix, ou organis\u00e9 par nos soins.<br \/>\n<strong>Pour combien de personnes<\/strong> ? Jusqu&rsquo;\u00e0 8 participants par s\u00e9ance.<br \/>\n<strong>Quelle dur\u00e9e<\/strong> ? De trois heures \u00e0 plusieurs jours.<\/p>\n<p><strong>NOS OBJECTIFS\u00a0 :<\/strong> Cr\u00e9er une chanson, d\u00e9velopper une m\u00e9lodie, un style, une instrumentation, les textes. Rendre l\u2019\u00e9criture des paroles et musiques plus ludique, plus fluide, en un mot que les participants \u00e9prouvent du plaisir ! Initier \u00e0 la versification et la po\u00e9sie. Utiliser l&rsquo;improvisation comme source d&rsquo;inspiration. Au final, en quelques heures ou jours, cr\u00e9er une chanson avec ses paroles et musique et l&rsquo;enregistrer en mp3, et cela en tout lieu gr\u00e2ce \u00e0 notre studio mobile.<\/p>\n<p><strong>PROGRAMME<\/strong><br \/>\n<em><br \/>\nSENSIBILISATION A LA COMPOSITION ET L\u2019INTERPR\u00c9TATION DE <\/em> <em>CHANSONS\u2028<\/em><br \/>\nR\u00e9flexion collective pour d\u00e9finir le style de la chanson, l&rsquo;orientation musicale (simultan\u00e9ment ou parall\u00e8lement \u00e0 l&rsquo;\u00e9criture des textes des chansons).<br \/>\nRecherche d&rsquo;un d\u00e9but de m\u00e9lodie, d&rsquo;un style, de rythmes, une id\u00e9e directrice, par l&rsquo;improvisation vocale ou instrumentale. Possibilit\u00e9 d&rsquo;enregistrer bruits, ambiances sonores qui peuvent s&rsquo;int\u00e9grer \u00e0 la chanson.<br \/>\n<em><br \/>\nPAROLES<\/em><br \/>\nCet atelier est bas\u00e9 sur diff\u00e9rents jeux d&rsquo;\u00e9criture (individuels ou collectifs) : le jeu de la comptine, les mots imaginaires, les questions\/r\u00e9ponses, etc\u2026 Les jeux sont propos\u00e9s en fonction de l&rsquo;\u00e2ge des \u00e9l\u00e8ves et de leurs niveaux individuels; Chaque jeu a sa sp\u00e9cificit\u00e9 et permet d&rsquo;aborder diff\u00e9rents registres de cr\u00e9ativit\u00e9 litt\u00e9raire Cet atelier est\u00a0 ax\u00e9 sur la versification\u00a0 au sens large du terme (textes rim\u00e9s, slam., ..etc). Musicalement parlant,\u00a0il s&rsquo;agit, en quelque sorte, d&rsquo;un\u00a0\u00ab\u00a0b\u0153uf litt\u00e9raire\u00a0\u00bb : les participants produisent des textes qu\u2019ils pourront ensuite interpr\u00e9ter, slammer, chanter, etc&#8230;. En fonction des d\u00e9sid\u00e9ratas de l&rsquo;\u00e9quipe p\u00e9dagogique, nous pouvons axer l&rsquo;\u00e9criture des paroles sur diff\u00e9rentes th\u00e9matiques.<\/p>\n<p><em>ENREGISTREMENT<\/em><br \/>\nGr\u00e2ce \u00e0 notre petit studio mobile de haute qualit\u00e9 nous Enregistrons les voix, les instruments s&rsquo;il y en a, proposons gr\u00e2ce \u00e0 notre banque d&rsquo;instruments virtuels de choisir parmi des milliers de sons, instruments, boucles rythmiques etc. Si le temps le permet, un pr\u00e9-mixage sera effectu\u00e9 \u00e0 la fin de la s\u00e9ance afin que chaque participant puisse repartir avec un mp3, sinon un mixage sera effectu\u00e9 ult\u00e9rieurement et un mp3 sera envoy\u00e9 par mail par exemple.<\/p>\n<p><strong>FICHE TECHNIQUE :<\/strong> Nous apportons tout le mat\u00e9riel de qualit\u00e9 n\u00e9cessaire \u00e0 l&rsquo;enregistrement,\u00a0 ordinateur Macbook pro, carte son UAD, micros, enceintes amplifi\u00e9es, casques, clavier midi &#8230;<\/p>\n<p>R\u00e9f\u00e9rences : Boussy Saint Antoine (91) &#8211; Club Ados .<\/p>\n<p><strong>Tarifs :<\/strong> Nous contacter : contact(at)<span class=\"skimlinks-unlinked\">lalanguedesoiseaux.fr<\/span><\/p>\n","protected":false},"excerpt":{"rendered":"<p>Quoi ? Cr\u00e9ation et enregistrement d&rsquo;une chanson. Pour qui ? Pour tous ! Aucun \u00e2ge ni niveau ne sont requis. O\u00f9 ? Dans le lieu de votre choix, ou organis\u00e9 par nos soins. Pour combien de personnes ? Jusqu&rsquo;\u00e0 8 participants par s\u00e9ance. Quelle dur\u00e9e ? De trois heures \u00e0 plusieurs jours. NOS OBJECTIFS\u00a0 :&#8230;<\/p>\n","protected":false},"author":1,"featured_media":0,"parent":0,"menu_order":0,"comment_status":"closed","ping_status":"closed","template":"","meta":{"footnotes":""},"_links":{"self":[{"href":"https:\/\/lalanguedesoiseaux.fr\/index.php?rest_route=\/wp\/v2\/pages\/95"}],"collection":[{"href":"https:\/\/lalanguedesoiseaux.fr\/index.php?rest_route=\/wp\/v2\/pages"}],"about":[{"href":"https:\/\/lalanguedesoiseaux.fr\/index.php?rest_route=\/wp\/v2\/types\/page"}],"author":[{"embeddable":true,"href":"https:\/\/lalanguedesoiseaux.fr\/index.php?rest_route=\/wp\/v2\/users\/1"}],"replies":[{"embeddable":true,"href":"https:\/\/lalanguedesoiseaux.fr\/index.php?rest_route=%2Fwp%2Fv2%2Fcomments&post=95"}],"version-history":[{"count":5,"href":"https:\/\/lalanguedesoiseaux.fr\/index.php?rest_route=\/wp\/v2\/pages\/95\/revisions"}],"predecessor-version":[{"id":226,"href":"https:\/\/lalanguedesoiseaux.fr\/index.php?rest_route=\/wp\/v2\/pages\/95\/revisions\/226"}],"wp:attachment":[{"href":"https:\/\/lalanguedesoiseaux.fr\/index.php?rest_route=%2Fwp%2Fv2%2Fmedia&parent=95"}],"curies":[{"name":"wp","href":"https:\/\/api.w.org\/{rel}","templated":true}]}}