{"id":51,"date":"2015-02-04T13:15:08","date_gmt":"2015-02-04T13:15:08","guid":{"rendered":"http:\/\/lalanguedesoiseaux.fr\/wp\/?page_id=51"},"modified":"2024-12-26T17:58:10","modified_gmt":"2024-12-26T17:58:10","slug":"a-propos","status":"publish","type":"page","link":"https:\/\/lalanguedesoiseaux.fr\/?page_id=51","title":{"rendered":"A propos"},"content":{"rendered":"<div class=\"post\">\n<div class=\"ob-section ob-section-html\">\n<p id=\"yui_3_5_0_1_1384958931789_42381\">La Compagnie \u00ab La langue des oiseaux \u00bb \u0153uvre \u00e0 l&rsquo;\u00e9closion et \u00e0 l&rsquo;envol de spectacles (jeune et tout public) de th\u00e9\u00e2tre musical, de musiques (concerts, production), de films (clips, courts-m\u00e9trages, s\u00e9ries TV &#8230;), d&rsquo;ateliers artistiques ; Elle s&rsquo;est d\u00e9j\u00e0 produite dans de nombreux r\u00e9seaux culturels, scolaires ou scientifiques.<br \/>\nPourquoi ce nom ? Au del\u00e0 de notre engouement pour ces myst\u00e9rieux musiciens volatiles, \u00ab La langue des oiseaux \u00bb est une Langue sacr\u00e9e, et secr\u00e8te donc, transmise depuis les temps imm\u00e9moriaux par les Connaissants, les Trouv\u00e8res, les Fid\u00e8les d\u2019Amour, les Alchimistes, les\u00a0 Cabalistes dont l\u2019oreille est sensible \u00e0 la musique des lettres et des mots.<\/p>\n<p>LA LANGUE DES OISEAUX. Si\u00e8ge Social: LA LANGUE DES OISEAUX 158 rue Paul Vaillant Couturier<br \/>\n94140 Alfortville, repr\u00e9sent\u00e9e par Mme Sylvie Bouchereau (Pr\u00e9sidente)<\/p>\n<p><em><strong>Philippe Guinet<\/strong><\/em><\/p>\n<p><a href=\"https:\/\/www.youtube.com\/watch?v=VlhBbYRhhbg\" target=\"_blank\" rel=\"noopener\"><img loading=\"lazy\" decoding=\"async\" class=\"alignnone wp-image-73\" title=\"Phil-300x200\" src=\"http:\/\/img.over-blog-kiwi.com\/0\/75\/81\/55\/2012\/10\/15\/ob_cbe198_phil-300x200.jpg\" alt=\"\" width=\"221\" height=\"147\" \/><\/a><br \/>\nAuteur\/com\u00e9dien\/chanteur\/compositeur, cet artiste polychrome poss\u00e8de plusieurs casquettes\/bonnets\/feutres\/couvre-chefs qu\u2019il enfile alternativement.<br \/>\n<a href=\"https:\/\/www.youtube.com\/watch?v=VlhBbYRhhbg\" target=\"_blank\" rel=\"noopener\"><strong>BANDE DEMO SUR YOUTUBE<\/strong><\/a><\/p>\n<p>Au d\u00e9but de son parcours artistique, il commence \u00e0 \u00e9crire et jouer des courtes pi\u00e8ces radiophoniques puis travaille en tant que sc\u00e9nariste pour plusieurs s\u00e9ries de dessin anim\u00e9 (pigeon boy, etc\u2026(diffusion France3)). Peu apr\u00e8s, il cr\u00e9e avec Didier Ducrocq (Duke), son partenaire musicien, un nouveau spectacle de th\u00e9\u00e2tre musical (illustr\u00e9 par de nombreuses chansons)\u00a0: \u00ab\u00a0 Le Vent, sa vie, son \u0153uvre \u00a0\u00bb et \u00ab\u00a0Je suis le vent\u00a0\u00bb qu\u2019ils jouent, r\u00e9guli\u00e8rement \u00e0 Paris et dans d\u2019autres villes de France.<br \/>\nIl obtient ensuite un prix SACD \/Beaumarchais pour l\u2019\u00e9criture d\u2019un spectacle de th\u00e9\u00e2tre musical\u00a0: \u00ab\u00a0Fil Conducteur\u00a0\u00bb. Ce spectacle interactif int\u00e8gre un jeu d&rsquo;\u00e9criture avec le public. Aujourd&rsquo;hui \u00ab\u00a0Fil Conducteur\u00a0\u00a0\u00bb est de nouveau \u00e0 l&rsquo;ordre du jour. Philippe anime par ailleurs r\u00e9guli\u00e8rement des ateliers d\u2019\u00e9criture (dans des caf\u00e9s et dans le cadre d\u2019autres espaces associatifs) destin\u00e9s aux adultes et aussi au jeune public. Parall\u00e8lement, il d\u00e9cide de cr\u00e9er sa compagnie : \u00ab\u00a0<strong>La langue des oiseaux<\/strong>\u00a0\u00bb, afin de diffuser plus librement ses diff\u00e9rentes cr\u00e9ations dont une nouvelle aventure artistique\u00a0: un \u00a0\u00bb vrai \u00a0\u00bb\u00a0 spectacle de chansons fran\u00e7aises entre humour et po\u00e9sie. Il chante, \u00e9crit les paroles et collabore aux musiques avec Duke au piano. Pascal Lovergne ou Jean Pierre Fourment les accompagnent \u00e0 la basse. Dans leurs rayons, 15 titres \u00e9tonnants\u2026<\/p>\n<p>Pour en revenir \u00e0 la chanson, avec Duke, compositeur et arrangeur \u00e9m\u00e9rite, ils viennent de cr\u00e9er un nouveau groupe, entre tradition et modernit\u00e9 : \u00ab\u00a0HUGO FOR EVER\u00a0\u00bb . Imaginez l&rsquo;improbable rencontre : des compositions actuelles (Jazz\/slam\/Rock\/world) et les po\u00e9sies de Victor Hugo.<\/p>\n<p>SCENARISTE : \u00ab DICOLATERAL \u00bb , s\u00e9rie TV de programme court (soutien de l&rsquo;aide \u00e0 l&rsquo;\u00e9criture du CNC) (2012): cor\u00e9alisateur-com\u00e9dien: r\u00f4le principal<br \/>\n\u00ab\u00a0CONSCIENCE FICTION\u00a0\u00bb projet de long m\u00e9trage pr\u00e9sent\u00e9 \u00e0 l&rsquo;aide \u00e0 l&rsquo;\u00e9criture du CNC. \u00ab\u00a0PIGEON BOY\u00a0\u00bb : s\u00e9rie TV (26&prime;) : diffusion sur FR3, CANAL + Family<br \/>\n\u00ab\u00a0PENSE B\u00caTES\u00a0\u00bb l&rsquo;\u00e9cole des chiens, Millimages (FR3 diffusion) \u00ab\u00a0TALIS\u00a0\u00bb, s\u00e9rie TV (FR3 diffusion) \u00ab PAROLES EN L\u2019AIR \u00bb, court m\u00e9trage de fiction \u00ab environnementale \u00bb, d\u2019apr\u00e8s le texte du spectacle \u00ab\u00a0Le vent, sa vie, son \u0153uvre \u00a0\u00bb : com\u00e9dien\/sc\u00e9nariste<\/p>\n<p align=\"JUSTIFY\">\u00a0<em><strong>Didier Ducrocq<\/strong><\/em><\/p>\n<p align=\"JUSTIFY\"><a href=\"http:\/\/didierducrocq.fr\" target=\"_blank\" rel=\"noopener\"><img loading=\"lazy\" decoding=\"async\" class=\"alignnone wp-image-182\" title=\"IMG_4661 bis\" src=\"http:\/\/img.over-blog-kiwi.com\/0\/75\/81\/55\/2012\/10\/15\/ob_875cec_img-4661-bis.jpg\" alt=\"\" width=\"210\" height=\"180\" \/><\/a>\u00a0 Musicien clavier, compositeur pour spectacles et musiques de film, sc\u00e8ne et studio, technicien du son, de la lumi\u00e8re et de la vid\u00e9o, r\u00e9alisateur de reportages et courts m\u00e9trages, cadreur, monteur, une vingtaine d\u2019ann\u00e9es d\u2019exp\u00e9riences artistiques et techniques dans tous ces domaines, \u00e9quip\u00e9 d\u2019un home studio audio et vid\u00e9o personnel professionnel \u00e0 Paris et \u00e0 Reims. Cr\u00e9ateur et Animateur de projets artistiques multim\u00e9dias destin\u00e9s aux enfants. Dernier\u00a0\u00bbD&rsquo;ACCORD\u00a0\u00bb en trio en 2012 avec des invit\u00e9s\u00a0 <a href=\"http:\/\/didierducrocq.fr\">www.didierducrocq.fr<\/a><\/p>\n<\/div>\n<\/div>\n","protected":false},"excerpt":{"rendered":"<p>La Compagnie \u00ab La langue des oiseaux \u00bb \u0153uvre \u00e0 l&rsquo;\u00e9closion et \u00e0 l&rsquo;envol de spectacles (jeune et tout public) de th\u00e9\u00e2tre musical, de musiques (concerts, production), de films (clips, courts-m\u00e9trages, s\u00e9ries TV &#8230;), d&rsquo;ateliers artistiques ; Elle s&rsquo;est d\u00e9j\u00e0 produite dans de nombreux r\u00e9seaux culturels, scolaires ou scientifiques. Pourquoi ce nom ? Au del\u00e0&#8230;<\/p>\n","protected":false},"author":1,"featured_media":0,"parent":0,"menu_order":0,"comment_status":"closed","ping_status":"closed","template":"","meta":{"footnotes":""},"_links":{"self":[{"href":"https:\/\/lalanguedesoiseaux.fr\/index.php?rest_route=\/wp\/v2\/pages\/51"}],"collection":[{"href":"https:\/\/lalanguedesoiseaux.fr\/index.php?rest_route=\/wp\/v2\/pages"}],"about":[{"href":"https:\/\/lalanguedesoiseaux.fr\/index.php?rest_route=\/wp\/v2\/types\/page"}],"author":[{"embeddable":true,"href":"https:\/\/lalanguedesoiseaux.fr\/index.php?rest_route=\/wp\/v2\/users\/1"}],"replies":[{"embeddable":true,"href":"https:\/\/lalanguedesoiseaux.fr\/index.php?rest_route=%2Fwp%2Fv2%2Fcomments&post=51"}],"version-history":[{"count":11,"href":"https:\/\/lalanguedesoiseaux.fr\/index.php?rest_route=\/wp\/v2\/pages\/51\/revisions"}],"predecessor-version":[{"id":391,"href":"https:\/\/lalanguedesoiseaux.fr\/index.php?rest_route=\/wp\/v2\/pages\/51\/revisions\/391"}],"wp:attachment":[{"href":"https:\/\/lalanguedesoiseaux.fr\/index.php?rest_route=%2Fwp%2Fv2%2Fmedia&parent=51"}],"curies":[{"name":"wp","href":"https:\/\/api.w.org\/{rel}","templated":true}]}}