{"id":48,"date":"2015-02-04T13:13:20","date_gmt":"2015-02-04T13:13:20","guid":{"rendered":"http:\/\/lalanguedesoiseaux.fr\/wp\/?page_id=48"},"modified":"2015-02-04T13:28:08","modified_gmt":"2015-02-04T13:28:08","slug":"dicolateral","status":"publish","type":"page","link":"https:\/\/lalanguedesoiseaux.fr\/?page_id=48","title":{"rendered":"Dicolat\u00e9ral"},"content":{"rendered":"<div class=\"post\">\n<div class=\"ob-section ob-section-text\">\n<div class=\"ob-text\">\n<p><strong>DICOLATERAL<\/strong><\/p>\n<p>La s\u00e9rie dont les MOTS sont les h\u00e9ros !<br \/>\nde Philippe Guinet- R\u00e9alisation : Didier Ducrocq \/ Philippe Guinet<br \/>\n(Aide \u00e0 l&rsquo;\u00e9criture du CNC 2012\/2013) Saison 1<\/p>\n<p>&nbsp;<\/p>\n<p>Bienvenue dans notre dictionnaire imaginaire ! Chaque \u00e9pisode illustre par l&rsquo;exemple les d\u00e9finitions: il s&rsquo;agit de donner \u00e0 voir, \u00e0 entendre et bien s\u00fbr, \u00e0 comprendre afin de d\u00e9voiler&#8230;Le sens !<br \/>\nVoici trois \u00e9pisodes mis en ligne, d&rsquo;autres viendront tr\u00e8s prochainement&#8230;<\/p>\n<p><a class=\"ob-link\" href=\"http:\/\/www.youtube.com\/channel\/UCgvqf8rPQpfn1BV82inLjlQ\" target=\"_blank\">http:\/\/www.youtube.com\/channel\/UCgvqf8rPQpfn1BV82inLjlQ<\/a><\/p>\n<\/div>\n<\/div>\n<div class=\"ob-section ob-section-link\">\n<div class=\"ob-ctn\"><a class=\"ob-link ob-pull-left ob-media-left\" href=\"http:\/\/www.youtube.com\/channel\/UCgvqf8rPQpfn1BV82inLjlQ\" target=\"_blank\"><img decoding=\"async\" class=\"ob-media ob-img aligncenter\" src=\"http:\/\/resize.over-blog.com\/170x170-ct.jpg?http:\/\/yt3.ggpht.com\/-y66wa6hVKqk\/AAAAAAAAAAI\/AAAAAAAAAAA\/IR7MLK0MK0k\/s900-c-k-no\/photo.jpg\" alt=\"DICOLATERAL\" \/><\/a><\/div>\n<\/div>\n<\/div>\n","protected":false},"excerpt":{"rendered":"<p>DICOLATERAL La s\u00e9rie dont les MOTS sont les h\u00e9ros ! de Philippe Guinet- R\u00e9alisation : Didier Ducrocq \/ Philippe Guinet (Aide \u00e0 l&rsquo;\u00e9criture du CNC 2012\/2013) Saison 1 &nbsp; Bienvenue dans notre dictionnaire imaginaire ! Chaque \u00e9pisode illustre par l&rsquo;exemple les d\u00e9finitions: il s&rsquo;agit de donner \u00e0 voir, \u00e0 entendre et bien s\u00fbr, \u00e0 comprendre&#8230;<\/p>\n","protected":false},"author":1,"featured_media":0,"parent":0,"menu_order":0,"comment_status":"closed","ping_status":"closed","template":"","meta":{"footnotes":""},"_links":{"self":[{"href":"https:\/\/lalanguedesoiseaux.fr\/index.php?rest_route=\/wp\/v2\/pages\/48"}],"collection":[{"href":"https:\/\/lalanguedesoiseaux.fr\/index.php?rest_route=\/wp\/v2\/pages"}],"about":[{"href":"https:\/\/lalanguedesoiseaux.fr\/index.php?rest_route=\/wp\/v2\/types\/page"}],"author":[{"embeddable":true,"href":"https:\/\/lalanguedesoiseaux.fr\/index.php?rest_route=\/wp\/v2\/users\/1"}],"replies":[{"embeddable":true,"href":"https:\/\/lalanguedesoiseaux.fr\/index.php?rest_route=%2Fwp%2Fv2%2Fcomments&post=48"}],"version-history":[{"count":2,"href":"https:\/\/lalanguedesoiseaux.fr\/index.php?rest_route=\/wp\/v2\/pages\/48\/revisions"}],"predecessor-version":[{"id":66,"href":"https:\/\/lalanguedesoiseaux.fr\/index.php?rest_route=\/wp\/v2\/pages\/48\/revisions\/66"}],"wp:attachment":[{"href":"https:\/\/lalanguedesoiseaux.fr\/index.php?rest_route=%2Fwp%2Fv2%2Fmedia&parent=48"}],"curies":[{"name":"wp","href":"https:\/\/api.w.org\/{rel}","templated":true}]}}