{"id":45,"date":"2015-02-04T13:13:08","date_gmt":"2015-02-04T13:13:08","guid":{"rendered":"http:\/\/lalanguedesoiseaux.fr\/wp\/?page_id=45"},"modified":"2024-02-24T11:00:43","modified_gmt":"2024-02-24T11:00:43","slug":"arreter-de-filmer","status":"publish","type":"page","link":"https:\/\/lalanguedesoiseaux.fr\/?page_id=45","title":{"rendered":"Arr\u00eater de Filmer"},"content":{"rendered":"<div class=\"ob-section ob-section-text\">\n<div class=\"ob-text\">\n<h4>\u00ab\u00a0La langue des Oiseaux\u00a0\u00bb est heureuse de vous pr\u00e9senter son tout nouveau court m\u00e9trage, r\u00e9alis\u00e9 par DUCROCQ ET GUINET (avec Hervine de Boodt et Philippe Guinet).<\/h4>\n<p>Bande Annonce<br \/>\n<iframe loading=\"lazy\" src=\"https:\/\/www.youtube.com\/embed\/6MCyNLYwhEk\" width=\"560\" height=\"315\" frameborder=\"0\" allowfullscreen=\"allowfullscreen\"><\/iframe><\/p>\n<p>Premi\u00e8re s\u00e9lection au festival \u00ab\u00a0Un poing c&rsquo;est court\u00a0\u00bb de Vaulx en Velin en janvier 2015. Le film poursuit actuellement sa vie dans les festivals. A suivre &#8230;.<\/p>\n<p><a class=\"popup\" href=\"https:\/\/fr-fr.facebook.com\/arreterdefilmer\">Page Facebook : https:\/\/fr-fr.facebook.com\/arreterdefilmer<\/a><\/p>\n<\/div>\n<\/div>\n<div class=\"ob-section ob-section-text\">\n<figure class=\"&lt;br \/&gt;&lt;br \/&gt;&lt;br \/&gt;&lt;br \/&gt; ob-pull-left ob-media-left&lt;br \/&gt;&lt;br \/&gt;&lt;br \/&gt;&lt;br \/&gt; ob-img-size-300&lt;br \/&gt;&lt;br \/&gt;&lt;br \/&gt;&lt;br \/&gt; \"><a class=\"ob-link-img\" title=\"ob_ff9d5e_ulule-salle-d-attente.jpg\" href=\"http:\/\/img.over-blog-kiwi.com\/0\/75\/81\/55\/20140526\/ob_ff9d5e_ulule-salle-d-attente.jpg\" target=\"_blank\" rel=\"fancybox noopener\"> <img decoding=\"async\" class=\"ob-media ob-img aligncenter\" src=\"http:\/\/img.over-blog-kiwi.com\/300x300\/0\/75\/81\/55\/20140526\/ob_ff9d5e_ulule-salle-d-attente.jpg\" alt=\"ARRETER DE FILMER - LE FILM !\" \/><\/a><strong>LE PITCH ?<\/strong><\/figure>\n<div class=\"ob-text\">\n<p>Un r\u00e9alisateur addict voudrait bien s&rsquo;arr\u00eater de filmer. Il va voir une filmologue afin de le d\u00e9livrer de cette insupportable accoutumance ! Apr\u00e8s lui avoir racont\u00e9 son parcours de \u00ab\u00a0filmeur\u00a0\u00bb, la filmologue lui prescrit (sans succ\u00e8s) un \u00ab\u00a0subsitut cin\u00e9macologique\u00a0\u00bb. En d\u00e9sespoir de cause, le r\u00e9alisateur est envoy\u00e9 en cure de d\u00e9sintoxication filmale&#8230;.<\/p>\n<p><strong>GENRE<\/strong><br \/>\nCom\u00e9die filmique<\/p>\n<p><strong>INTENTIONS<\/strong><br \/>\nIl ne vous aura pas \u00e9chapp\u00e9 le parall\u00e8le entre l&rsquo;addiction au film et \u00e0 la cigarette : filmer ou fumer engendre tous les deux des d\u00e9pendances ! Au demeurant, pas facile de trouver aujourd&rsquo;hui un espace non filmeur ! Que ce soit devant ou derri\u00e8re la cam\u00e9ra, tout le monde filme ou est film\u00e9&#8230;Nous avons voulu rebondir sur ce ph\u00e9nom\u00e8ne d&rsquo;addiction dans un registre absurde, surr\u00e9aliste et surtout humoristique !<br \/>\nA travers ce film, il s&rsquo;agit aussi d&rsquo;\u00e9voquer les tentatives de cr\u00e9ation qui sont parfois brid\u00e9es, refoul\u00e9es par certains cadres \u00ab\u00a0officiels\u00a0\u00bb. Ces derniers, sous couvert de biens\u00e9ance ou de qualit\u00e9 artistique, ont du mal \u00e0 tol\u00e9rer que la cr\u00e9ativit\u00e9 s&rsquo;exprime en toute libert\u00e9 (aujourd&rsquo;hui peut-\u00eatre encore plus qu&rsquo;hier !).<\/p>\n<h3><strong>MESSAGE DE REMERCIEMENTS A TOUS LES \u00ab\u00a0ULULEURS\u00a0\u00bb<\/strong> QUI NOUS ONT PERMIS D&rsquo;ATTEINDRE NOTRE OBJECTIF POUR LE SOUTIEN A LA DIFFUSION DE CE FILM !<br \/>\nNous sommes en train de le pr\u00e9senter \u00e0 de nombreux festivals : nous ne manquerons pas de vous tenir au courant des suites donn\u00e9es \u00e0 ces d\u00e9marches de diffusion.<br \/>\nA tr\u00e8s vite !!!<\/h3>\n<\/div>\n<\/div>\n<div class=\"ob-section ob-section-link\">\n<div class=\"ob-ctn\">\n<p><a class=\"ob-link ob-pull-left ob-media-left\" href=\"http:\/\/fr.ulule.com\/arreter-filmer\/\" target=\"_blank\" rel=\"noopener\"><img decoding=\"async\" class=\"ob-media ob-img\" src=\"http:\/\/resize.over-blog.com\/170x170-ct.jpg?http:\/\/drfhlmcehrc34.cloudfront.net\/presales\/0\/7\/5\/17570\/ululue-camera-fumante.jpg\" alt=\"ARRETER DE FILMER - LE FILM !\" \/><\/a><\/p>\n<p class=\"ob-url\"><a class=\"ob-link\" href=\"http:\/\/fr.ulule.com\/arreter-filmer\/\" target=\"_blank\" rel=\"noopener\">http:\/\/fr.ulule.com\/arreter-filmer\/<\/a><\/p>\n<\/div>\n<\/div>\n","protected":false},"excerpt":{"rendered":"<p>\u00ab\u00a0La langue des Oiseaux\u00a0\u00bb est heureuse de vous pr\u00e9senter son tout nouveau court m\u00e9trage, r\u00e9alis\u00e9 par DUCROCQ ET GUINET (avec Hervine de Boodt et Philippe Guinet). Bande Annonce Premi\u00e8re s\u00e9lection au festival \u00ab\u00a0Un poing c&rsquo;est court\u00a0\u00bb de Vaulx en Velin en janvier 2015. Le film poursuit actuellement sa vie dans les festivals. A suivre &#8230;&#8230;.<\/p>\n","protected":false},"author":1,"featured_media":0,"parent":0,"menu_order":0,"comment_status":"closed","ping_status":"closed","template":"","meta":{"footnotes":""},"_links":{"self":[{"href":"https:\/\/lalanguedesoiseaux.fr\/index.php?rest_route=\/wp\/v2\/pages\/45"}],"collection":[{"href":"https:\/\/lalanguedesoiseaux.fr\/index.php?rest_route=\/wp\/v2\/pages"}],"about":[{"href":"https:\/\/lalanguedesoiseaux.fr\/index.php?rest_route=\/wp\/v2\/types\/page"}],"author":[{"embeddable":true,"href":"https:\/\/lalanguedesoiseaux.fr\/index.php?rest_route=\/wp\/v2\/users\/1"}],"replies":[{"embeddable":true,"href":"https:\/\/lalanguedesoiseaux.fr\/index.php?rest_route=%2Fwp%2Fv2%2Fcomments&post=45"}],"version-history":[{"count":9,"href":"https:\/\/lalanguedesoiseaux.fr\/index.php?rest_route=\/wp\/v2\/pages\/45\/revisions"}],"predecessor-version":[{"id":382,"href":"https:\/\/lalanguedesoiseaux.fr\/index.php?rest_route=\/wp\/v2\/pages\/45\/revisions\/382"}],"wp:attachment":[{"href":"https:\/\/lalanguedesoiseaux.fr\/index.php?rest_route=%2Fwp%2Fv2%2Fmedia&parent=45"}],"curies":[{"name":"wp","href":"https:\/\/api.w.org\/{rel}","templated":true}]}}