{"id":42,"date":"2015-02-04T13:12:49","date_gmt":"2015-02-04T13:12:49","guid":{"rendered":"http:\/\/lalanguedesoiseaux.fr\/wp\/?page_id=42"},"modified":"2015-02-04T14:29:35","modified_gmt":"2015-02-04T14:29:35","slug":"fil-conducteur","status":"publish","type":"page","link":"https:\/\/lalanguedesoiseaux.fr\/?page_id=42","title":{"rendered":"Fil Conducteur"},"content":{"rendered":"<table id=\"yui_3_5_0_1_1378742270149_27417\" border=\"1\" width=\"570\" cellspacing=\"1\" cellpadding=\"1\">\n<tbody id=\"yui_3_5_0_1_1378742270149_27416\">\n<tr id=\"yui_3_5_0_1_1378742270149_27445\">\n<td><a id=\"yui_3_5_0_1_1378742270149_27425\" href=\"http:\/\/lalanguedesoiseaux.fr\/wp-content\/uploads\/affiche-fil2.jpg\"><img loading=\"lazy\" decoding=\"async\" id=\"yui_3_5_0_1_1378742270149_27424\" class=\"alignnone size-medium wp-image-94\" title=\"affiche-fil2\" src=\"http:\/\/img.over-blog-kiwi.com\/0\/75\/81\/55\/2012\/10\/15\/ob_a0f1bd_affiche-fil2-258x300.jpg\" alt=\"\" width=\"258\" height=\"300\" \/><\/a><\/td>\n<td id=\"yui_3_5_0_1_1378742270149_27444\">\u00a0Prix SACD \/ Beaumarchais<\/p>\n<p>Ce spectacle met en sc\u00e8ne, sous un angle ludique et surr\u00e9aliste, le voyage qu&rsquo;implique la cr\u00e9ation litt\u00e9raire. Les personnages, deux auteurs, roulent aux commandes d&rsquo;un \u00ab\u00a0taxi\/machine \u00e0 \u00e9crire\u00a0\u00bb. L&rsquo;un a d\u00e9j\u00e0 \u00ab\u00a0conduit\u00a0\u00bb des petits polars, l&rsquo;autre fait de la po\u00e9sie. Ils se d\u00e9placent dans ce \u00a0\u00bb taxi-Remington \u00a0\u00bb dont la vitesse de croisi\u00e8re &#8211; et la destination &#8211; varient en fonction de leur dialogue: les mots comme carburant du moteur. Il leur faut toujours trouver quelque chose pour avancer, une ligne directrice, un \u00ab\u00a0Fil Conducteur\u00a0\u00bb \u00e0 ce voyage.<\/td>\n<\/tr>\n<\/tbody>\n<\/table>\n<p id=\"yui_3_5_0_1_1378742270149_27426\">La musique (compos\u00e9e par Didier Ducrocq) tient une place essentielle dans cette com\u00e9die: les chansons apparaissent comme des envol\u00e9es au sein de ce p\u00e9riple. Elles contribuent \u00e0 cr\u00e9er l&rsquo;atmosph\u00e8re surr\u00e9elle de cet univers r\u00e9solument fantaisiste. A l&rsquo;arri\u00e8re du v\u00e9hicule, le texte d\u00e9cal\u00e9 des personnages, des s\u00e9quences \u00ab\u00a0vid\u00e9os-textuelles\u00a0\u00bb et autres signalisations surr\u00e9alistes sont projet\u00e9es. NB : Un jeu d&rsquo;\u00e9criture (optionnel) effectu\u00e9 par le public ponctue ce \u00ab\u00a0road movie textuel\u00a0\u00bb: il s&rsquo;agit aussi d&rsquo;un spectacle \u00ab\u00a0interactif\u00a0\u00bb !<\/p>\n<p id=\"yui_3_5_0_1_1378814921553_37273\">Contacts : contact(at)<span class=\"skimlinks-unlinked\">lalanguedesoiseaux.fr<\/span>\u00a0\u00a0 \/\u00a0\u00a0 0676994560<\/p>\n<p>&nbsp;<\/p>\n","protected":false},"excerpt":{"rendered":"<p>\u00a0Prix SACD \/ Beaumarchais Ce spectacle met en sc\u00e8ne, sous un angle ludique et surr\u00e9aliste, le voyage qu&rsquo;implique la cr\u00e9ation litt\u00e9raire. Les personnages, deux auteurs, roulent aux commandes d&rsquo;un \u00ab\u00a0taxi\/machine \u00e0 \u00e9crire\u00a0\u00bb. L&rsquo;un a d\u00e9j\u00e0 \u00ab\u00a0conduit\u00a0\u00bb des petits polars, l&rsquo;autre fait de la po\u00e9sie. Ils se d\u00e9placent dans ce \u00a0\u00bb taxi-Remington \u00a0\u00bb dont la vitesse&#8230;<\/p>\n","protected":false},"author":1,"featured_media":0,"parent":0,"menu_order":0,"comment_status":"closed","ping_status":"closed","template":"","meta":{"footnotes":""},"_links":{"self":[{"href":"https:\/\/lalanguedesoiseaux.fr\/index.php?rest_route=\/wp\/v2\/pages\/42"}],"collection":[{"href":"https:\/\/lalanguedesoiseaux.fr\/index.php?rest_route=\/wp\/v2\/pages"}],"about":[{"href":"https:\/\/lalanguedesoiseaux.fr\/index.php?rest_route=\/wp\/v2\/types\/page"}],"author":[{"embeddable":true,"href":"https:\/\/lalanguedesoiseaux.fr\/index.php?rest_route=\/wp\/v2\/users\/1"}],"replies":[{"embeddable":true,"href":"https:\/\/lalanguedesoiseaux.fr\/index.php?rest_route=%2Fwp%2Fv2%2Fcomments&post=42"}],"version-history":[{"count":7,"href":"https:\/\/lalanguedesoiseaux.fr\/index.php?rest_route=\/wp\/v2\/pages\/42\/revisions"}],"predecessor-version":[{"id":105,"href":"https:\/\/lalanguedesoiseaux.fr\/index.php?rest_route=\/wp\/v2\/pages\/42\/revisions\/105"}],"wp:attachment":[{"href":"https:\/\/lalanguedesoiseaux.fr\/index.php?rest_route=%2Fwp%2Fv2%2Fmedia&parent=42"}],"curies":[{"name":"wp","href":"https:\/\/api.w.org\/{rel}","templated":true}]}}