{"id":39,"date":"2015-02-04T13:12:33","date_gmt":"2015-02-04T13:12:33","guid":{"rendered":"http:\/\/lalanguedesoiseaux.fr\/wp\/?page_id=39"},"modified":"2015-04-08T11:32:54","modified_gmt":"2015-04-08T11:32:54","slug":"le-mur-des-mots","status":"publish","type":"page","link":"https:\/\/lalanguedesoiseaux.fr\/?page_id=39","title":{"rendered":"Le Mur des Mots"},"content":{"rendered":"<p><a href=\"http:\/\/lalanguedesoiseaux.fr\/wp\/wp-content\/uploads\/2015\/02\/mur.jpg\"><img loading=\"lazy\" decoding=\"async\" class=\"alignnone size-full wp-image-82\" src=\"http:\/\/lalanguedesoiseaux.fr\/wp\/wp-content\/uploads\/2015\/02\/mur.jpg\" alt=\"mur\" width=\"369\" height=\"246\" \/><\/a><br \/>\nSPECTACLE VIDEO\/MUSICAL PARTICIPATIF<\/p>\n<p>cr\u00e9\u00e9 et interpr\u00e9t\u00e9 par Philippe Guinet<br \/>\n(vid\u00e9os cor\u00e9alis\u00e9es avec Didier Ducrocq)<br \/>\ndur\u00e9e : 50 mns (environ)<br \/>\nEmbarquez-vous pour un petit p\u00e9riple dans un dictionnaire imaginaire fac\u00e9tieux ! Un spectacle participatif&#8230;si tel est votre bon plaisir ! Ponctu\u00e9 de minis court-m\u00e9trages vid\u00e9o (extraits du DICOLATERAL), de chansons \u00e9MOTives et de jeux interactifs, laissez-vous emporter par le flux po\u00e9tique des mots imaginaires&#8230;<\/p>\n<p>Prochaine date : le 20\/03\/15 \u00e0 20h30<br \/>\n\u00a0\u00bb LE MUR DES MOTS \u00a0\u00bb sera jou\u00e9 \u00e0 la maison du livre, 24-28 rue de Rome, \u00e0 Bruxelles dans le cadre de la f\u00eate de la langue fran\u00e7aise (du 14 au 22 mars 2015).<\/p>\n<p><a title=\"R\u00e9f\u00e9rences\" href=\"http:\/\/lalanguedesoiseaux.fr\/wp\/?page_id=20\" target=\"_blank\"><strong>R\u00e9f\u00e9rences<\/strong><\/a><\/p>\n","protected":false},"excerpt":{"rendered":"<p>SPECTACLE VIDEO\/MUSICAL PARTICIPATIF cr\u00e9\u00e9 et interpr\u00e9t\u00e9 par Philippe Guinet (vid\u00e9os cor\u00e9alis\u00e9es avec Didier Ducrocq) dur\u00e9e : 50 mns (environ) Embarquez-vous pour un petit p\u00e9riple dans un dictionnaire imaginaire fac\u00e9tieux ! Un spectacle participatif&#8230;si tel est votre bon plaisir ! Ponctu\u00e9 de minis court-m\u00e9trages vid\u00e9o (extraits du DICOLATERAL), de chansons \u00e9MOTives et de jeux interactifs, laissez-vous&#8230;<\/p>\n","protected":false},"author":1,"featured_media":0,"parent":0,"menu_order":0,"comment_status":"closed","ping_status":"closed","template":"","meta":{"footnotes":""},"_links":{"self":[{"href":"https:\/\/lalanguedesoiseaux.fr\/index.php?rest_route=\/wp\/v2\/pages\/39"}],"collection":[{"href":"https:\/\/lalanguedesoiseaux.fr\/index.php?rest_route=\/wp\/v2\/pages"}],"about":[{"href":"https:\/\/lalanguedesoiseaux.fr\/index.php?rest_route=\/wp\/v2\/types\/page"}],"author":[{"embeddable":true,"href":"https:\/\/lalanguedesoiseaux.fr\/index.php?rest_route=\/wp\/v2\/users\/1"}],"replies":[{"embeddable":true,"href":"https:\/\/lalanguedesoiseaux.fr\/index.php?rest_route=%2Fwp%2Fv2%2Fcomments&post=39"}],"version-history":[{"count":3,"href":"https:\/\/lalanguedesoiseaux.fr\/index.php?rest_route=\/wp\/v2\/pages\/39\/revisions"}],"predecessor-version":[{"id":170,"href":"https:\/\/lalanguedesoiseaux.fr\/index.php?rest_route=\/wp\/v2\/pages\/39\/revisions\/170"}],"wp:attachment":[{"href":"https:\/\/lalanguedesoiseaux.fr\/index.php?rest_route=%2Fwp%2Fv2%2Fmedia&parent=39"}],"curies":[{"name":"wp","href":"https:\/\/api.w.org\/{rel}","templated":true}]}}