{"id":36,"date":"2015-02-04T13:12:19","date_gmt":"2015-02-04T13:12:19","guid":{"rendered":"http:\/\/lalanguedesoiseaux.fr\/wp\/?page_id=36"},"modified":"2020-01-28T08:33:07","modified_gmt":"2020-01-28T08:33:07","slug":"le-vent-sa-vie-son-oeuvre","status":"publish","type":"page","link":"https:\/\/lalanguedesoiseaux.fr\/?page_id=36","title":{"rendered":"Le Vent, sa Vie, son \u0152uvre &#8230;"},"content":{"rendered":"<div class=\"post\">\n<div class=\"ob-section ob-section-html\">\n<h4 style=\"text-align: center;\"><strong><em><a href=\"http:\/\/lalanguedesoiseaux.fr\/wp-content\/uploads\/2015\/02\/AAAnouvelle-affiche-paravents-Petite.jpg\"><img loading=\"lazy\" decoding=\"async\" class=\"alignnone size-full wp-image-300\" src=\"http:\/\/lalanguedesoiseaux.fr\/wp-content\/uploads\/2015\/02\/AAAnouvelle-affiche-paravents-Petite.jpg\" alt=\"\" width=\"313\" height=\"442\" \/><\/a><\/em><\/strong><\/h4>\n<h4 style=\"text-align: center;\"><strong><em>Cabaret soufflant ? Com\u00e9die ventil\u00e9e ? Th\u00e9\u00e2tre \u00e9olien ?\u00a0<\/em><\/strong><br \/>\nTh\u00e9\u00e2tre Musical tout public (\u00e0 partir de 10 ans)<br \/>\n<iframe loading=\"lazy\" src=\"http:\/\/www.youtube.com\/embed\/TzKEaYvhMVQ\" width=\"560\" height=\"315\" frameborder=\"0\"><\/iframe><br \/>\nDur\u00e9e : 75 minutes &#8211; \u00e9crit par Philippe Guinet &#8211; Interpr\u00e9t\u00e9 par Philippe Guinet et Didier Ducrocq<\/h4>\n<h4 style=\"text-align: center;\">\u00a0\u00ab\u00a0Figurez vous que le vent n&rsquo;a plus le moral: ce vieux Z\u00e9phyr traverse une bizarre d\u00e9pression. Un soir, il d\u00e9cide d&#8217;emprunter un homme. A travers lui, le vent se raconte: des origines des temps jusqu&rsquo;\u00e0 notre irrespirable civilisation.\u00a0\u00bb<\/h4>\n<p>UN \u00c9L\u00c9MENT MAGIQUE : LE VENT\u2026 Un vol libre au travers de ses mythes, une balade a\u00e9rienne, entre humour et po\u00e9sie, port\u00e9e par d\u2019\u00e9clectiques chansons et les vibrations du didgeridoo ce fascinant instrument( \u00e0 vent) aborig\u00e8ne.<\/p>\n<p><a title=\"Dossier spectacle &quot;Le vent, sa vie, son oeuvre ...&quot;\" href=\"http:\/\/lalanguedesoiseaux.fr\/wp-content\/uploads\/dossier-spectacle-Le-vent-sa-vie-son-oeuvre...-.pdf\" target=\"_blank\" rel=\"noopener\">T\u00e9l\u00e9chargement du dossier spectacle complet.<\/a><\/p>\n<p>LE VENT A D\u00c9J\u00c0 SOUFFL\u00c9 \u2026 \u00b7 \u00c0 Paris au \u00ab Petit Ney \u00bb, au \u00ab Buveur de Lune \u00bb, au Th\u00e9\u00e2tre \u00ab Pandora \u00bb. \u00b7 \u00c0 Rambouillet \u00e0 \u00ab La Bergerie \u00bb lors d\u2019une convention de l \u2019ANSTJ, \u00b7 En province, lors du festival \u00ab Sc\u00e8nes d \u2019Automne \u00bb, \u00e0 Soissons au th\u00e9\u00e2tre \u00abSaint M\u00e9dard \u00bb. \u00b7 Septembre 2002 \u00e0 la salle Fran\u00e7ois Mitterrand, \u00e0 LORGUES dans le Var, en collaboration avec Honorin Victoire, auteur de la \u00ab Petite encyclop\u00e9die des vents de France \u00bb. \u00b7 Juillet 2003 au \u00ab Jardin du Vent \u00bb \u00e0 Notre Dame De Monts. \u00b7 Programmation r\u00e9guli\u00e8re au \u00ab Th\u00e9\u00e2tre de l\u2019Ogresse \u00bb \u00e0 Paris\u2026 \u00b7 Juillet 2003 au \u00ab Jardin du Vent \u00bb \u00e0 Notre Dame De Monts. \u00b7 Octobre 2003 au Centre Culturel Scientifique \u00ab Atlas \u00bb de Saint Ouen. \u00b7 Octobre 2004 au Centre culturel Danglemont (mairie des Lilas). \u00b7 D\u00e9cembre 2004 au Centre Culturel Scientifique de la Rotonde \u00e0 Saint Etienne. \u00b7 Avril 2005 au Palais des Congr\u00e8s de Saint Jean de Monts. \u00b7 Mai 2005 \u00e0 la MJC de Chaponost (Lyon) \u00b7 Juin 2005 : Centre culturel scientifique \u00ab\u00a0L\u2019arche des m\u00e9tiers\u00a0\u00bb du Cheylard (Ard\u00e8che) \u00b7 Septembre 2005 : festival \u00ab Du rififi aux Batignolles \u00bb \u00e0 Paris \u00b7 Mai 2006 \u00e0 Paris, s\u00e9lectionn\u00e9 pour plusieurs repr\u00e9sentations \u00e0 l\u2019 ANPE du spectacle destin\u00e9es aux professionnels. \u00b7 D\u00e9cembre 2008 : La cave \u00e0 th\u00e9\u00e2tre, Colombes \u00b7 Mai 2010 : \u00ab La biscuiterie \u00bb \u00e0 Ch\u00e2teau Thierry<\/p>\n<p>Court m\u00e9trage \u00ab\u00a0Paroles en l&rsquo;air\u00a0\u00bb r\u00e9alis\u00e9 en 2008 par Didier Ducrocq d&rsquo;apr\u00e8s ce spectacle. S\u00e9lection officielle 2009 aux festivals de courts m\u00e9trages : \u00ab\u00a0Ecofilm\u00a0\u00bb \u00e0 Rhodes, Gr\u00e8ce, et \u00ab\u00a0Green Heart Festival\u00a0\u00bb \u00e0 Poznan, Pologne. <iframe loading=\"lazy\" src=\"http:\/\/www.youtube.com\/embed\/r6xMceTDqD4\" width=\"420\" height=\"315\" frameborder=\"0\"><\/iframe><\/p>\n<\/div>\n<\/div>\n<p>&nbsp;<\/p>\n","protected":false},"excerpt":{"rendered":"<p>Cabaret soufflant ? Com\u00e9die ventil\u00e9e ? Th\u00e9\u00e2tre \u00e9olien ?\u00a0 Th\u00e9\u00e2tre Musical tout public (\u00e0 partir de 10 ans) Dur\u00e9e : 75 minutes &#8211; \u00e9crit par Philippe Guinet &#8211; Interpr\u00e9t\u00e9 par Philippe Guinet et Didier Ducrocq \u00a0\u00ab\u00a0Figurez vous que le vent n&rsquo;a plus le moral: ce vieux Z\u00e9phyr traverse une bizarre d\u00e9pression. Un soir, il d\u00e9cide&#8230;<\/p>\n","protected":false},"author":1,"featured_media":0,"parent":0,"menu_order":0,"comment_status":"closed","ping_status":"closed","template":"","meta":{"footnotes":""},"_links":{"self":[{"href":"https:\/\/lalanguedesoiseaux.fr\/index.php?rest_route=\/wp\/v2\/pages\/36"}],"collection":[{"href":"https:\/\/lalanguedesoiseaux.fr\/index.php?rest_route=\/wp\/v2\/pages"}],"about":[{"href":"https:\/\/lalanguedesoiseaux.fr\/index.php?rest_route=\/wp\/v2\/types\/page"}],"author":[{"embeddable":true,"href":"https:\/\/lalanguedesoiseaux.fr\/index.php?rest_route=\/wp\/v2\/users\/1"}],"replies":[{"embeddable":true,"href":"https:\/\/lalanguedesoiseaux.fr\/index.php?rest_route=%2Fwp%2Fv2%2Fcomments&post=36"}],"version-history":[{"count":9,"href":"https:\/\/lalanguedesoiseaux.fr\/index.php?rest_route=\/wp\/v2\/pages\/36\/revisions"}],"predecessor-version":[{"id":301,"href":"https:\/\/lalanguedesoiseaux.fr\/index.php?rest_route=\/wp\/v2\/pages\/36\/revisions\/301"}],"wp:attachment":[{"href":"https:\/\/lalanguedesoiseaux.fr\/index.php?rest_route=%2Fwp%2Fv2%2Fmedia&parent=36"}],"curies":[{"name":"wp","href":"https:\/\/api.w.org\/{rel}","templated":true}]}}