{"id":33,"date":"2015-02-04T13:11:53","date_gmt":"2015-02-04T13:11:53","guid":{"rendered":"http:\/\/lalanguedesoiseaux.fr\/wp\/?page_id=33"},"modified":"2024-02-24T11:10:08","modified_gmt":"2024-02-24T11:10:08","slug":"je-suis-le-vent","status":"publish","type":"page","link":"https:\/\/lalanguedesoiseaux.fr\/?page_id=33","title":{"rendered":"Je suis le Vent &#8211; th\u00e9\u00e2tre musical jeune public"},"content":{"rendered":"<div class=\"ob-section ob-section-html\">\n<table id=\"yui_3_5_0_1_1378814921553_14635\" style=\"height: 906px;\" border=\"0\" width=\"636\" cellspacing=\"2\" cellpadding=\"2\">\n<tbody id=\"yui_3_5_0_1_1378814921553_14634\">\n<tr id=\"yui_3_5_0_1_1378814921553_14633\">\n<td id=\"yui_3_5_0_1_1378814921553_14632\">Prochain spectacle le 7 f\u00e9vrier 2020 \u00e0 10h30 \u00e0 la salle \u00ab\u00a0Le Bateau \u00a0\u00bb \u00e0 Versailles en partenariat avec l&rsquo;\u00e9cole Montessori de Versailles, nous contacter pour plus d&rsquo;informations&#8230;<\/p>\n<p style=\"text-align: center;\"><strong><em><a id=\"yui_3_5_0_1_1378814921553_14673\" href=\"http:\/\/img.over-blog-kiwi.com\/0\/75\/81\/55\/2012\/10\/15\/ob_fcd3de_jesuislevent4-212x300.jpg\">\u00a0<img loading=\"lazy\" decoding=\"async\" id=\"yui_3_5_0_1_1378814921553_14672\" class=\" wp-image-141\" title=\"jesuislevent4-212x300\" src=\"http:\/\/img.over-blog-kiwi.com\/0\/75\/81\/55\/2012\/10\/15\/ob_fcd3de_jesuislevent4-212x300.jpg\" alt=\"\" width=\"214\" height=\"303\" \/><\/a><br \/>\n<\/em><\/strong><\/p>\n<p id=\"yui_3_5_0_1_1378814921553_14774\" style=\"text-align: center;\">En hommage au Mistral, \u00e0 Z\u00e9phyr, au\u00a0Sirocco sans oublier le\u00a0\u00a0\u00a0\u00a0\u00a0\u00a0\u00a0\u00a0\u00a0\u00a0\u00a0\u00a0\u00a0\u00a0\u00a0\u00a0\u00a0\u00a0\u00a0\u00a0\u00a0\u00a0\u00a0\u00a0\u00a0\u00a0\u00a0 Gooroondoodildaybiday,\u00a0 La Compagnie La langue des Oiseaux pr\u00e9sente : <strong id=\"yui_3_5_0_1_1378814921553_14773\">\u00a0 \u00a0 \u00a0 \u00a0 \u00a0 \u00a0 \u00a0 \u00a0 \u00a0 \u00a0 \u00a0 \u00a0 \u00a0 \u00a0 <strong>\u00a0\u00bb JE SUIS LE VENT \u00ab\u00a0<\/strong><\/strong><strong><br \/>\n<\/strong><\/p>\n<p style=\"text-align: center;\"><strong>Th\u00e9\u00e2tre\u00a0musical jeune public.<br \/>\n<\/strong>(plusieurs versions de la maternelle au primaire)<br \/>\nde Philippe Guinet. avec Philippe\u00a0Guinet et Didier\u00a0Ducrocq.<\/p>\n<p><em>Lass\u00e9 de ne plus \u00eatre \u00e9cout\u00e9 par les habitants des grandes villes, le vent d\u00e9cide d\u2019emprunter un homme. A travers lui, le vent se raconte : du souffle fondateur aux \u00ab premiers hommes \u00bb (les aborig\u00e8nes d\u2019Australie), jusqu\u2019au monde moderne o\u00f9 l\u2019homme vend du vent.En compagnie de Monsieur Jolisson (son compagnon musicien), le vent d\u00e9voile ses secrets. L\u2019h\u00f4tesse de l\u2019air parviendra-t-elle \u00e0 lui redonner espoir ?\u2026<\/em><br \/>\nEn prise avec le monde moderne, \u00ab Je suis le vent \u00bb refl\u00e8te les pr\u00e9occupations environnementales du monde actuel. Ce spectacle a souvent \u00e9t\u00e9 jou\u00e9 dans les r\u00e9seaux culturels scientifiques. Plusieurs ateliers p\u00e9dagogiques peuvent \u00eatre associ\u00e9s au spectacle:<br \/>\n&#8211; Initiation au didjeridoo<br \/>\n&#8211; Cr\u00e9ation et pratique du kazoo (les enfants construisent et apprennent \u00e0 jouer de ce petit instrument \u00e0 vent. Ils repartent ensuite avec), atelier d\u2019\u00e9criture \u2026<\/p>\n<p><strong><em><a title=\"R\u00e9f\u00e9rences\" href=\"http:\/\/lalanguedesoiseaux.fr\/wp\/?page_id=20\">Quelques r\u00e9f\u00e9rences<\/a><br \/>\n<\/em><\/strong><\/p>\n<p id=\"yui_3_5_0_1_1396280481630_9189\"><a href=\"http:\/\/img.over-blog-kiwi.com\/0\/75\/81\/55\/2012\/10\/15\/ob_51ac42_phil1.jpg\"><img loading=\"lazy\" decoding=\"async\" class=\"alignnone wp-image-86\" title=\"phil1\" src=\"http:\/\/img.over-blog-kiwi.com\/0\/75\/81\/55\/2012\/10\/15\/ob_51ac42_phil1.jpg\" alt=\"\" width=\"103\" height=\"156\" \/><\/a><\/p>\n<p class=\"ob-desc\">Contacts : contact(at)<span class=\"skimlinks-unlinked\">lalanguedesoiseaux.fr<\/span> \/ 0676994560<br \/>\nDossier complet du spectacle sur simple demande.<\/p>\n<\/td>\n<td id=\"yui_3_5_0_1_1378814921553_14645\"><\/td>\n<\/tr>\n<\/tbody>\n<\/table>\n<p>&nbsp;<\/p>\n<\/div>\n<div class=\"ob-section ob-section-file\"><\/div>\n","protected":false},"excerpt":{"rendered":"<p>Prochain spectacle le 7 f\u00e9vrier 2020 \u00e0 10h30 \u00e0 la salle \u00ab\u00a0Le Bateau \u00a0\u00bb \u00e0 Versailles en partenariat avec l&rsquo;\u00e9cole Montessori de Versailles, nous contacter pour plus d&rsquo;informations&#8230; \u00a0 En hommage au Mistral, \u00e0 Z\u00e9phyr, au\u00a0Sirocco sans oublier le\u00a0\u00a0\u00a0\u00a0\u00a0\u00a0\u00a0\u00a0\u00a0\u00a0\u00a0\u00a0\u00a0\u00a0\u00a0\u00a0\u00a0\u00a0\u00a0\u00a0\u00a0\u00a0\u00a0\u00a0\u00a0\u00a0\u00a0 Gooroondoodildaybiday,\u00a0 La Compagnie La langue des Oiseaux pr\u00e9sente : \u00a0 \u00a0 \u00a0 \u00a0 \u00a0 \u00a0 \u00a0&#8230;<\/p>\n","protected":false},"author":1,"featured_media":0,"parent":0,"menu_order":0,"comment_status":"closed","ping_status":"closed","template":"","meta":{"footnotes":""},"_links":{"self":[{"href":"https:\/\/lalanguedesoiseaux.fr\/index.php?rest_route=\/wp\/v2\/pages\/33"}],"collection":[{"href":"https:\/\/lalanguedesoiseaux.fr\/index.php?rest_route=\/wp\/v2\/pages"}],"about":[{"href":"https:\/\/lalanguedesoiseaux.fr\/index.php?rest_route=\/wp\/v2\/types\/page"}],"author":[{"embeddable":true,"href":"https:\/\/lalanguedesoiseaux.fr\/index.php?rest_route=\/wp\/v2\/users\/1"}],"replies":[{"embeddable":true,"href":"https:\/\/lalanguedesoiseaux.fr\/index.php?rest_route=%2Fwp%2Fv2%2Fcomments&post=33"}],"version-history":[{"count":14,"href":"https:\/\/lalanguedesoiseaux.fr\/index.php?rest_route=\/wp\/v2\/pages\/33\/revisions"}],"predecessor-version":[{"id":383,"href":"https:\/\/lalanguedesoiseaux.fr\/index.php?rest_route=\/wp\/v2\/pages\/33\/revisions\/383"}],"wp:attachment":[{"href":"https:\/\/lalanguedesoiseaux.fr\/index.php?rest_route=%2Fwp%2Fv2%2Fmedia&parent=33"}],"curies":[{"name":"wp","href":"https:\/\/api.w.org\/{rel}","templated":true}]}}