{"id":30,"date":"2015-02-04T13:11:38","date_gmt":"2015-02-04T13:11:38","guid":{"rendered":"http:\/\/lalanguedesoiseaux.fr\/wp\/?page_id=30"},"modified":"2023-02-28T13:39:38","modified_gmt":"2023-02-28T13:39:38","slug":"chansons-elixirs","status":"publish","type":"page","link":"https:\/\/lalanguedesoiseaux.fr\/?page_id=30","title":{"rendered":"Chansons &#8211; \u00e9lixirs"},"content":{"rendered":"<div class=\"title\">\n<h3 class=\"post-title\">Philippe Guinet &#8211; Chansons-\u00e9lixirs, pour de vrai (ou pour des rires)<\/h3>\n<\/div>\n<div class=\"post\">\n<div class=\"ob-section ob-section-html\">\n<p><em><a href=\"http:\/\/img.over-blog-kiwi.com\/0\/75\/81\/55\/2012\/10\/15\/ob_def16c_img-4606.jpg\"><img loading=\"lazy\" decoding=\"async\" class=\"alignnone wp-image-171\" title=\"IMG_4606\" src=\"http:\/\/img.over-blog-kiwi.com\/0\/75\/81\/55\/2012\/10\/15\/ob_def16c_img-4606.jpg\" alt=\"\" width=\"172\" height=\"114\" \/><\/a><\/em>\u00a0\u00a0\u00a0 La m\u00e9lancolie vous guette? D\u00e9sesp\u00e9r\u00e9(e)s par la banalit\u00e9 de la vie? Fils improbable de Boris Vian et de L\u00e9o Ferr\u00e9, Philippe vous prodigue ses philtres m\u00e9lodiques\u00a0: sourires, \u00e9motions et autres r\u00e9actions\u00a0en chaine assur\u00e9s&#8230;<\/p>\n<p><iframe loading=\"lazy\" src=\"https:\/\/w.soundcloud.com\/player\/?url=https%3A\/\/api.soundcloud.com\/users\/64820818\" width=\"100%\" height=\"450\" frameborder=\"no\" scrolling=\"no\"><\/iframe><\/p>\n<p>Album en vente sur demande<\/p>\n<p>&nbsp;<\/p>\n<p><strong>Quelques extraits du concert de d\u00e9cembre 2012 <\/strong><strong>\u00e0 Paris <\/strong><strong>\u00e0 la p\u00e9niche Antipode\u00a0 et au Kib\u00e9l\u00e9. <\/strong><strong><iframe loading=\"lazy\" src=\"http:\/\/www.youtube.com\/embed\/TsfG2nq8NG4\" width=\"560\" height=\"315\" frameborder=\"0\"><\/iframe><br \/>\n<\/strong><em>\u00ab L&rsquo; appartement de mon esprit est un peu bord\u00e9lique Faudrait faire quelque chose : j&rsquo;peux pas appeler l&rsquo;syndic O\u00f9 vais-je bien pouvoir mettre cette id\u00e9e g\u00e9n\u00e9rale ? Avec les poissons rouges ? faut qu&rsquo;je trouve un bocal \u00bb &#8211; Extrait de \u00ab\u00a0Mon appart\u00a0\u00bb.<br \/>\n<\/em>\u00ab\u00a0Le Mistral de Belleville\u00a0\u00bb<iframe loading=\"lazy\" src=\"http:\/\/www.youtube.com\/embed\/TYK8QOmUSk8\" width=\"560\" height=\"315\" frameborder=\"0\"><\/iframe><\/p>\n<p><a href=\"http:\/\/img.over-blog-kiwi.com\/0\/75\/81\/55\/2012\/10\/15\/ob_baa834_img-4572.jpg\"><img loading=\"lazy\" decoding=\"async\" class=\"alignnone wp-image-172\" title=\"IMG_4572\" src=\"http:\/\/img.over-blog-kiwi.com\/0\/75\/81\/55\/2012\/10\/15\/ob_baa834_img-4572.jpg\" alt=\"\" width=\"129\" height=\"183\" \/><\/a><em>\u00a0\u00a0\u00a0\u00a0\u00a0\u00a0\u00a0\u00a0\u00a0\u00a0\u00a0\u00a0\u00a0\u00a0\u00a0\u00a0\u00a0\u00a0\u00a0\u00a0\u00a0\u00a0\u00a0\u00a0\u00a0\u00a0\u00a0\u00a0\u00a0\u00a0\u00a0\u00a0\u00a0\u00a0\u00a0\u00a0\u00a0\u00a0\u00a0\u00a0\u00a0\u00a0\u00a0\u00a0\u00a0\u00a0 <\/em><\/p>\n<p><em><strong>REVUE DE PRESSE.<\/strong>..<\/em><\/p>\n<p><em>.<\/em> \u00abIl en a sous le capot! \u00bb L&rsquo;engin vibrant \u00ab Qui se cache derri\u00e8re cet ineffable songwriter ?. \u00bb Les Inckrorrigibles \u00ab Enfermez le ! \u00bb Le petit fasciste illustr\u00e9 \u00ab En exclusivit\u00e9, les images de sa sex tape, o\u00f9 l&rsquo;on peut le voir faire l&rsquo;amour, des heures durant, sur la plage de Copacabana \u00bb Voil\u00e0 \u00ab Ses chansons cr\u00e9ent des failles spatiotemporelles \u00bb La derni\u00e8re demi-heure \u00ab Il est tr\u00e8s beau !\u00bb Jeune et sexy<\/p>\n<p><a href=\"http:\/\/img.over-blog-kiwi.com\/0\/75\/81\/55\/2012\/10\/15\/ob_358827_philscene1.jpg\"><img loading=\"lazy\" decoding=\"async\" class=\"wp-image-176 aligncenter\" title=\"philscene1\" src=\"http:\/\/img.over-blog-kiwi.com\/0\/75\/81\/55\/2012\/10\/15\/ob_358827_philscene1.jpg\" alt=\"\" width=\"490\" height=\"200\" \/><\/a><\/p>\n<p><strong><em>Biographie<\/em><\/strong><\/p>\n<p>Philippe Guinet Chanteur\/motiste Issu de la province du Zamblar, Philippe collectionne les artefacts avant de d\u00e9marrer une dynamique vibratoire. Projet\u00e9 sur les \u00e9crans ( eh oui, les reflets, toujours les reflets !),\u00a0 il en vient \u00e0 s\u2019allier avec certains volatiles sous-jacents qui l\u2019aident \u00e0 d\u00e9coller sur un plan concret et aussi vers d&rsquo;autres dimensions. Durant ce laps de temps, les harmoniques le suivent sur des vents mongols, il faut les voir masser l&rsquo;air des heures durant. Tout en prenant ses cliques pour des lucioles, Philippe explore les grands magasins de la m\u00e9moire et parvient in extr\u00e9miste \u00e0 retrouver le fil conducteur du rasoir. Imberbe mais non reclus, il prend contact avec certains mots tout en structurant certaines phrases\u00a0 (et inversement). Utilisant le son de la gorge pour \u00e9limer le sens, il adore bronzer ses cordes vocales sur des plages musicales.<\/p>\n<p>Biographie Didier Ducrocq (Duke) Musicopathe N\u00e9 au Kalmann, Duke essaime en contournant les alv\u00e9oles. \u00c2me anglaise r\u00e9incarn\u00e9e, il se manifeste au del\u00e0 de la tamise. Faisant fi des co\u00efncidences g\u00e9ographiques, il l&rsquo;exprime sous forme de femmes et d\u2019enfants. Duke badigeonne les contours r\u00e9troactivement et sans jamais omettre la forme. Progressant en montagnes bulgares, l\u2019unicit\u00e9 demeure son objectif.\u00a0 Rivi\u00e8re sensorielle, colima\u00e7on d\u2019\u00e9querre. La musique, don exponentiel, le guide comme une mesure du temps: amante sonore, elle ne le quitte jamais. Evidence (comme l&rsquo;oreille au milieu de la figure), l&rsquo;image n&rsquo;est qu&rsquo;un son : je ne vous pose pas la r\u00e9ponse.<\/p>\n<\/div>\n<\/div>\n","protected":false},"excerpt":{"rendered":"<p>Philippe Guinet &#8211; Chansons-\u00e9lixirs, pour de vrai (ou pour des rires) \u00a0\u00a0\u00a0 La m\u00e9lancolie vous guette? D\u00e9sesp\u00e9r\u00e9(e)s par la banalit\u00e9 de la vie? Fils improbable de Boris Vian et de L\u00e9o Ferr\u00e9, Philippe vous prodigue ses philtres m\u00e9lodiques\u00a0: sourires, \u00e9motions et autres r\u00e9actions\u00a0en chaine assur\u00e9s&#8230; Album en vente sur demande &nbsp; Quelques extraits du concert&#8230;<\/p>\n","protected":false},"author":1,"featured_media":0,"parent":0,"menu_order":0,"comment_status":"closed","ping_status":"closed","template":"","meta":{"footnotes":""},"_links":{"self":[{"href":"https:\/\/lalanguedesoiseaux.fr\/index.php?rest_route=\/wp\/v2\/pages\/30"}],"collection":[{"href":"https:\/\/lalanguedesoiseaux.fr\/index.php?rest_route=\/wp\/v2\/pages"}],"about":[{"href":"https:\/\/lalanguedesoiseaux.fr\/index.php?rest_route=\/wp\/v2\/types\/page"}],"author":[{"embeddable":true,"href":"https:\/\/lalanguedesoiseaux.fr\/index.php?rest_route=\/wp\/v2\/users\/1"}],"replies":[{"embeddable":true,"href":"https:\/\/lalanguedesoiseaux.fr\/index.php?rest_route=%2Fwp%2Fv2%2Fcomments&post=30"}],"version-history":[{"count":8,"href":"https:\/\/lalanguedesoiseaux.fr\/index.php?rest_route=\/wp\/v2\/pages\/30\/revisions"}],"predecessor-version":[{"id":367,"href":"https:\/\/lalanguedesoiseaux.fr\/index.php?rest_route=\/wp\/v2\/pages\/30\/revisions\/367"}],"wp:attachment":[{"href":"https:\/\/lalanguedesoiseaux.fr\/index.php?rest_route=%2Fwp%2Fv2%2Fmedia&parent=30"}],"curies":[{"name":"wp","href":"https:\/\/api.w.org\/{rel}","templated":true}]}}