{"id":27,"date":"2015-02-04T13:11:12","date_gmt":"2015-02-04T13:11:12","guid":{"rendered":"http:\/\/lalanguedesoiseaux.fr\/wp\/?page_id=27"},"modified":"2022-05-03T09:37:05","modified_gmt":"2022-05-03T09:37:05","slug":"hugo-for-ever","status":"publish","type":"page","link":"https:\/\/lalanguedesoiseaux.fr\/?page_id=27","title":{"rendered":"Hugo for ever"},"content":{"rendered":"<p><a href=\"http:\/\/lalanguedesoiseaux.fr\/wp-content\/uploads\/2015\/02\/POCHETTE-CD-RECTO-1.jpg\"><img loading=\"lazy\" decoding=\"async\" class=\"alignnone wp-image-234\" src=\"http:\/\/lalanguedesoiseaux.fr\/wp-content\/uploads\/2015\/02\/POCHETTE-CD-RECTO-1-744x732.jpg\" alt=\"\" width=\"430\" height=\"423\" srcset=\"https:\/\/lalanguedesoiseaux.fr\/wp-content\/uploads\/2015\/02\/POCHETTE-CD-RECTO-1-744x732.jpg 744w, https:\/\/lalanguedesoiseaux.fr\/wp-content\/uploads\/2015\/02\/POCHETTE-CD-RECTO-1-420x413.jpg 420w, https:\/\/lalanguedesoiseaux.fr\/wp-content\/uploads\/2015\/02\/POCHETTE-CD-RECTO-1-768x755.jpg 768w, https:\/\/lalanguedesoiseaux.fr\/wp-content\/uploads\/2015\/02\/POCHETTE-CD-RECTO-1-644x633.jpg 644w, https:\/\/lalanguedesoiseaux.fr\/wp-content\/uploads\/2015\/02\/POCHETTE-CD-RECTO-1.jpg 1504w\" sizes=\"(max-width: 430px) 100vw, 430px\" \/><\/a><\/p>\n<p><strong>FUS\u00c9E POP DANS LE CIEL HUGOLIEN<\/strong> !<\/p>\n<p><strong>Prochain concert d&rsquo; \u00ab\u00a0HUGO FOR EVER\u00a0\u00bb <\/strong><strong>le samedi 18 juin 2022 \u00e0 20h<br \/>\nau Th\u00e9\u00e2tre Casalis de Cr\u00e9teil, <\/strong><strong>89 av du Docteur Paul Casalis, M\u00b0 Cr\u00e9teil pr\u00e9fecture.<br \/>\npour la soir\u00e9e \u00ab\u00a0Victor Hugo en chansons\u00a0\u00bb qui accueillera aussi d&rsquo;autres artistes.<\/strong>..<br \/>\nCette cr\u00e9ation a re\u00e7u le Label <a href=\"http:\/\/www.printempsdespoetes.com\/index.php?rub=2&amp;ssrub=14&amp;page=77&amp;url=agenda\/selections_catalogue.php#37141\">\u00ab\u00a0Printemps des po\u00e8tes\u00a0\u00bb<\/a> <img loading=\"lazy\" decoding=\"async\" class=\"alignnone\" src=\"http:\/\/img.over-blog-kiwi.com\/0\/75\/81\/55\/2012\/10\/15\/ob_a834c7_logo-pdp-over.gif\" alt=\"Printemps des po\u00e8tes\" width=\"74\" height=\"72\" \/> .<br \/>\nTout d&rsquo;abord quelques fabuleuses po\u00e9sies de Victor Hugo, et puis le d\u00e9sir de leur redonner vie (en chansons)\u00a0 par le prisme des musiques actuelles (world\/pop\/jazz\/autres). D\u00e9couvrez quelques titres en \u00e9coute, et aussi toutes les infos sur le groupe, les concerts, le dossier de presse, les vid\u00e9os, les ateliers \u00ab\u00a0Paroles et musique\u00a0\u00bb que nous organisons.<\/p>\n<p><iframe loading=\"lazy\" src=\"https:\/\/w.soundcloud.com\/player\/?url=https%3A\/\/api.soundcloud.com\/playlists\/15095848\" width=\"100%\" height=\"450\" frameborder=\"no\" scrolling=\"no\"><\/iframe><\/p>\n<p><strong>,<\/strong> <em> Textes slam\u00e9s et chant\u00e9s se m\u00ealent sur fond d\u2019arrangements o\u00f9 percussions alternent avec instruments orientaux, guitare basse avec claviers, teintant chaque r\u00e9cit de couleurs pastels ou vives, lumineuses ou effac\u00e9es. C\u2019est inventif, authentique, tant du point de vue de l\u2019orchestration que des textes choisis&#8230; <\/em><em>Frankie Bluesy<\/em>\u00a0Pfeiffer\/<em>Paris On The Move<\/em><\/p>\n<p id=\"yui_3_5_0_1_1412423823320_33101\">Avec Philippe Guinet : chant, compositions\u00a0 \/\u00a0 Didier Ducrocq : claviers, compositions\/arrangements \/\u00a0 Jean-Pierre Fourment : contrebasse<\/p>\n<p><iframe loading=\"lazy\" src=\"http:\/\/www.youtube.com\/embed\/w2LqqI7PUfQ\" width=\"422\" height=\"238\" frameborder=\"0\"><\/iframe><\/p>\n<p><strong><em>Depuis 6000 ans la Guerre<\/em> &#8211; Concert Boussy St Antoine (91) 24 avril 2013<\/strong><\/p>\n<p><iframe loading=\"lazy\" src=\"http:\/\/www.youtube.com\/embed\/Jk1fUK_Mv-w\" width=\"362\" height=\"207\" frameborder=\"0\"><\/iframe><strong><em><iframe loading=\"lazy\" src=\"http:\/\/www.youtube.com\/embed\/jErzGiBWjS8\" width=\"560\" height=\"315\" frameborder=\"0\"><\/iframe><\/em><\/strong><\/p>\n<p><span class=\"yui3-htmleditorwidget-content\"><strong>Quelques concerts pass\u00e9s :<\/strong> <\/span><\/p>\n<p id=\"yui_3_5_0_1_1412423823320_32328\"><span id=\"yui_3_5_0_1_1412423823320_29090\" class=\"yui3-htmleditorwidget-content\"><span id=\"yui_3_5_0_1_1412423823320_32343\"><span id=\"yui_3_5_0_1_1412423823320_32342\"><span id=\"yui_3_5_0_1_1412423823320_32341\" style=\"font-family: Arial,sans-serif;\"><span id=\"yui_3_5_0_1_1412423823320_29088\" class=\"yui3-widget yui3-inputwidget yui3-htmleditorwidget\"><\/span>M\u00e9diath\u00e8que d\u2019Evian, Th\u00e9\u00e2tre de l\u2019alliance fran\u00e7aise<span id=\"yui_3_5_0_1_1412423823320_32341\">(Paris), <\/span>Saison culturelle de Boussy Saint Antoine (91) , P\u00e9niche Antipode Paris.\u00a0<span id=\"yui_3_5_0_1_1412423823320_29088\" class=\"yui3-widget yui3-inputwidget yui3-htmleditorwidget\">\u00a0<\/span> M\u00e9diath\u00e8que de La Seyne-sur-Mer (Var) (Printemps des po\u00e8tes). Festival \u00ab\u00a0D\u00e9\u2026lires et D\u00e9lices\u00a0\u00bb Sanguinet (Landes). <span id=\"yui_3_5_0_1_1412423823320_29088\" class=\"yui3-widget yui3-inputwidget yui3-htmleditorwidget\"><\/span>MESCHERS (espace des possibles \u2013 Charente-Maritime), Th\u00e9\u00e2tre G\u00e9rard Philippe <\/span><\/span><\/span>91800\u00a0Boussy-saint-antoine. <span id=\"yui_3_5_0_1_1412423823320_29088\" class=\"yui3-widget yui3-inputwidget yui3-htmleditorwidget\"><span id=\"yui_3_5_0_1_1412423823320_29090\" class=\"yui3-htmleditorwidget-content\"><\/span><\/span>P\u00e9niche Antipode Paris. <span id=\"yui_3_5_0_1_1412423823320_29088\" class=\"yui3-widget yui3-inputwidget yui3-htmleditorwidget\"><span id=\"yui_3_5_0_1_1412423823320_29090\" class=\"yui3-htmleditorwidget-content\">07\/2012 DOUCY COMBES LOUVIERES (spectacle Faistesvacances). <\/span><\/span><span id=\"yui_3_5_0_1_1412423823320_29088\" class=\"yui3-widget yui3-inputwidget yui3-htmleditorwidget\"><span id=\"yui_3_5_0_1_1412423823320_29090\" class=\"yui3-htmleditorwidget-content\"><\/span><\/span>M\u00e9diath\u00e8que de La Seyne-sur-Mer (Var) (Printemps des po\u00e8tes). Festival \u00ab\u00a0D\u00e9&#8230;lires et D\u00e9lices\u00a0\u00bb,Sanguinet (Landes).\u00a0<span id=\"yui_3_5_0_1_1412423823320_29088\" class=\"yui3-widget yui3-inputwidget yui3-htmleditorwidget\"><span id=\"yui_3_5_0_1_1412423823320_29090\" class=\"yui3-htmleditorwidget-content\"> <\/span><\/span>MESCHERS (espace du possible &#8211; Charente-Maritime) <\/span><\/p>\n<p><em>PRESSE:<\/em><\/p>\n<table border=\"0\" cellspacing=\"2\" cellpadding=\"2\">\n<tbody>\n<tr>\n<td><a href=\"http:\/\/lalanguedesoiseaux.fr\/wp-content\/uploads\/Article-de-presse-2.jpg\"><img loading=\"lazy\" decoding=\"async\" class=\"alignnone size-full wp-image-91\" title=\"Article-de-presse-2-150x150\" src=\"http:\/\/img.over-blog-kiwi.com\/0\/75\/81\/55\/2012\/10\/15\/ob_87ac9e_article-de-presse-2-150x150.jpg\" alt=\"\" width=\"150\" height=\"150\" \/><\/a><\/td>\n<td><a href=\"http:\/\/lalanguedesoiseaux.fr\/hugo-for-ever\/article-de-presse-1-150x150\/\" target=\"_blank\" rel=\"attachment wp-att-110 noopener\"><img loading=\"lazy\" decoding=\"async\" class=\"alignnone size-full wp-image-110\" title=\"Article-de-presse-1-150x150\" src=\"http:\/\/img.over-blog-kiwi.com\/0\/75\/81\/55\/2012\/10\/15\/ob_02879a_article-de-presse-1-150x150.jpg\" alt=\"\" width=\"150\" height=\"150\" \/><\/a><\/td>\n<\/tr>\n<\/tbody>\n<\/table>\n<p>Article Paru sur <a href=\"http:\/\/www.paris-move.com\/zik-cd-dedicated.php?id=691\" target=\"_blank\" rel=\"noopener\">\u00ab\u00a0Paris On the Move\u00a0\u00bb<\/a><\/p>\n<p><em>Merci de nous contacter si vous souhaitez recevoir un dossier d\u00e9taill\u00e9 du spectacle&#8230;<\/em><\/p>\n<p><span id=\"yui_3_5_0_1_1412423823320_29088\" class=\"yui3-widget yui3-inputwidget yui3-htmleditorwidget\"><span id=\"yui_3_5_0_1_1412423823320_29090\" class=\"yui3-htmleditorwidget-content\"><span id=\"yui_3_5_0_1_1412423823320_29088\" class=\"yui3-widget yui3-inputwidget yui3-htmleditorwidget\"><span id=\"yui_3_5_0_1_1412423823320_29090\" class=\"yui3-htmleditorwidget-content\">Le CD 6 titres est disponible, demandez le nous !!!<\/span><\/span><\/span><\/span><\/p>\n<table border=\"0\" cellspacing=\"2\" cellpadding=\"2\">\n<tbody>\n<tr>\n<td><\/td>\n<td><span id=\"yui_3_5_0_1_1412423823320_29088\" class=\"yui3-widget yui3-inputwidget yui3-htmleditorwidget\"><span id=\"yui_3_5_0_1_1412423823320_29090\" class=\"yui3-htmleditorwidget-content\"><span id=\"yui_3_5_0_1_1412423823320_29088\" class=\"yui3-widget yui3-inputwidget yui3-htmleditorwidget\"><span id=\"yui_3_5_0_1_1412423823320_29090\" class=\"yui3-htmleditorwidget-content\"><a title=\"Achat CD 6 titres &quot;Hugo for Ever&quot;\" href=\"https:\/\/www.paypal.com\/fr\/cgi-bin\/webscr?cmd=_flow&amp;SESSION=8Tj0E0eQ5Gf1M0gyb03LDPSYobvpzBsjrLsC6sSniop4uWXRYJ7BSokig80&amp;dispatch=50a222a57771920b6a3d7b606239e4d529b525e0b7e69bf0224adecfb0124e9b61f737ba21b0819882a9058c69cf92dcdac469a145272506\"><img loading=\"lazy\" decoding=\"async\" class=\"alignnone size-full wp-image-89\" title=\"hugo-150x150\" src=\"http:\/\/img.over-blog-kiwi.com\/0\/75\/81\/55\/2012\/10\/15\/ob_1f8603_hugo-150x150.jpg\" alt=\"\" width=\"150\" height=\"150\" \/><\/a><\/span><\/span><\/span><\/span><\/td>\n<\/tr>\n<\/tbody>\n<\/table>\n<p><span id=\"yui_3_5_0_1_1412423823320_29088\" class=\"yui3-widget yui3-inputwidget yui3-htmleditorwidget\"><span id=\"yui_3_5_0_1_1412423823320_29090\" class=\"yui3-htmleditorwidget-content\"><span id=\"yui_3_5_0_1_1412423823320_29088\" class=\"yui3-widget yui3-inputwidget yui3-htmleditorwidget\"><span id=\"yui_3_5_0_1_1412423823320_29090\" class=\"yui3-htmleditorwidget-content\">contact(at)<span class=\"skimlinks-unlinked\">lalanguedesoiseaux.fr<\/span> !<\/span><\/span><\/span><\/span><\/p>\n","protected":false},"excerpt":{"rendered":"<p>FUS\u00c9E POP DANS LE CIEL HUGOLIEN ! Prochain concert d&rsquo; \u00ab\u00a0HUGO FOR EVER\u00a0\u00bb le samedi 18 juin 2022 \u00e0 20h au Th\u00e9\u00e2tre Casalis de Cr\u00e9teil, 89 av du Docteur Paul Casalis, M\u00b0 Cr\u00e9teil pr\u00e9fecture. pour la soir\u00e9e \u00ab\u00a0Victor Hugo en chansons\u00a0\u00bb qui accueillera aussi d&rsquo;autres artistes&#8230; Cette cr\u00e9ation a re\u00e7u le Label \u00ab\u00a0Printemps des po\u00e8tes\u00a0\u00bb&#8230;<\/p>\n","protected":false},"author":1,"featured_media":0,"parent":0,"menu_order":0,"comment_status":"closed","ping_status":"closed","template":"","meta":{"footnotes":""},"_links":{"self":[{"href":"https:\/\/lalanguedesoiseaux.fr\/index.php?rest_route=\/wp\/v2\/pages\/27"}],"collection":[{"href":"https:\/\/lalanguedesoiseaux.fr\/index.php?rest_route=\/wp\/v2\/pages"}],"about":[{"href":"https:\/\/lalanguedesoiseaux.fr\/index.php?rest_route=\/wp\/v2\/types\/page"}],"author":[{"embeddable":true,"href":"https:\/\/lalanguedesoiseaux.fr\/index.php?rest_route=\/wp\/v2\/users\/1"}],"replies":[{"embeddable":true,"href":"https:\/\/lalanguedesoiseaux.fr\/index.php?rest_route=%2Fwp%2Fv2%2Fcomments&post=27"}],"version-history":[{"count":21,"href":"https:\/\/lalanguedesoiseaux.fr\/index.php?rest_route=\/wp\/v2\/pages\/27\/revisions"}],"predecessor-version":[{"id":181,"href":"https:\/\/lalanguedesoiseaux.fr\/index.php?rest_route=\/wp\/v2\/pages\/27\/revisions\/181"}],"wp:attachment":[{"href":"https:\/\/lalanguedesoiseaux.fr\/index.php?rest_route=%2Fwp%2Fv2%2Fmedia&parent=27"}],"curies":[{"name":"wp","href":"https:\/\/api.w.org\/{rel}","templated":true}]}}