{"id":23,"date":"2015-02-04T13:10:26","date_gmt":"2015-02-04T13:10:26","guid":{"rendered":"http:\/\/lalanguedesoiseaux.fr\/wp\/?page_id=23"},"modified":"2015-02-04T14:13:35","modified_gmt":"2015-02-04T14:13:35","slug":"contact","status":"publish","type":"page","link":"https:\/\/lalanguedesoiseaux.fr\/?page_id=23","title":{"rendered":"Contact"},"content":{"rendered":"<p>Vous pouvez nous joindre par mail: contact(at)lalanguedesoiseaux.fr<\/p>\n<p>Par t\u00e9l\u00e9phone: Philippe 0676994560<\/p>\n<p>A tr\u00e8s vite !<\/p>\n","protected":false},"excerpt":{"rendered":"<p>Vous pouvez nous joindre par mail: contact(at)lalanguedesoiseaux.fr Par t\u00e9l\u00e9phone: Philippe 0676994560 A tr\u00e8s vite !<\/p>\n","protected":false},"author":1,"featured_media":0,"parent":0,"menu_order":0,"comment_status":"closed","ping_status":"closed","template":"","meta":{"footnotes":""},"_links":{"self":[{"href":"https:\/\/lalanguedesoiseaux.fr\/index.php?rest_route=\/wp\/v2\/pages\/23"}],"collection":[{"href":"https:\/\/lalanguedesoiseaux.fr\/index.php?rest_route=\/wp\/v2\/pages"}],"about":[{"href":"https:\/\/lalanguedesoiseaux.fr\/index.php?rest_route=\/wp\/v2\/types\/page"}],"author":[{"embeddable":true,"href":"https:\/\/lalanguedesoiseaux.fr\/index.php?rest_route=\/wp\/v2\/users\/1"}],"replies":[{"embeddable":true,"href":"https:\/\/lalanguedesoiseaux.fr\/index.php?rest_route=%2Fwp%2Fv2%2Fcomments&post=23"}],"version-history":[{"count":2,"href":"https:\/\/lalanguedesoiseaux.fr\/index.php?rest_route=\/wp\/v2\/pages\/23\/revisions"}],"predecessor-version":[{"id":86,"href":"https:\/\/lalanguedesoiseaux.fr\/index.php?rest_route=\/wp\/v2\/pages\/23\/revisions\/86"}],"wp:attachment":[{"href":"https:\/\/lalanguedesoiseaux.fr\/index.php?rest_route=%2Fwp%2Fv2%2Fmedia&parent=23"}],"curies":[{"name":"wp","href":"https:\/\/api.w.org\/{rel}","templated":true}]}}