{"id":20,"date":"2015-02-04T13:09:22","date_gmt":"2015-02-04T13:09:22","guid":{"rendered":"http:\/\/lalanguedesoiseaux.fr\/wp\/?page_id=20"},"modified":"2018-03-27T06:59:59","modified_gmt":"2018-03-27T06:59:59","slug":"references","status":"publish","type":"page","link":"https:\/\/lalanguedesoiseaux.fr\/?page_id=20","title":{"rendered":"R\u00e9f\u00e9rences"},"content":{"rendered":"<p><a title=\"Je suis le Vent\" href=\"http:\/\/lalanguedesoiseaux.fr\/wp\/?page_id=33\">Je suis le vent<\/a><br \/>\nCentres scientifiques, centres culturels :<br \/>\nCit\u00e9 des Sciences de la Villette (Cit\u00e9 des enfants ) Paris &#8211; Les dimanches de la Science, Cap Sciences, Bordeaux &#8211; Centre Culturel Scientifique \u00ab Atlas \u00bb, Saint Ouen &#8211; Palais des congr\u00e8s de Saint Jean de Monts &#8211; F\u00eate du vent, Epizon (Haute-Marne) &#8211; Festival \u00ab Onze bouge ! \u00bb, Paris &#8211; Festival \u00ab Tout ce qui vole \u00bb Rosny sous Bois &#8211; \u00ab Maison de l\u2019Air \u00bb, Mairie de Paris &#8211; Salle Fran\u00e7ois Mitterrand, LORGUES (Var) &#8211; Jardin du Vent, Notre Dame De Monts &#8211; Centre culturel Danglemont, Les Lilas &#8211; Centre Culturel Scientifique de la Rotonde, Saint-Etienne &#8211; Palais des Congr\u00e8s, Saint Jean de Monts &#8211; Mjc de Chaponost, Lyon &#8211; Centre culturel scientifique \u00ab L\u2019arche des m\u00e9tiers \u00bb, Le Cheylard (Ard\u00e8che) &#8211; Salle Saint-Exup\u00e9ry, Talant &#8211; La cave \u00e0 th\u00e9\u00e2tre, Colombes &#8211; F\u00eate de l\u2019air, Romilly Sur Seine &#8211; Bouffon Th\u00e9\u00e2tre, Paris &#8211; Centre de Loisirs Maurice Ravel, Levallois &#8211; Centre culturel Albert Camus, Boussy Saint Antoine &#8211; \u00ab La biscuiterie \u00bb (espace culturel), Ch\u00e2teau Thierry &#8211; \u00c9coles primaires et maternelles &#8230;<\/p>\n<p><a title=\"Hugo for ever\" href=\"http:\/\/lalanguedesoiseaux.fr\/wp\/?page_id=27\">Hugo for ever<br \/>\n<\/a><strong>Dernier concert d&rsquo; \u00ab\u00a0HUGO FOR EVER\u00a0\u00bb en octobre 2017 <\/strong><strong><span class=\"fsl\">\u00e0 la biblioth\u00e8que\/m\u00e9diath\u00e8que de Lyon Saint Rambert dans le cadre du festival Amply. <\/span><\/strong><span id=\"yui_3_5_0_1_1412423823320_29090\" class=\"yui3-htmleditorwidget-content\"><span id=\"yui_3_5_0_1_1412423823320_29088\" class=\"yui3-widget yui3-inputwidget yui3-htmleditorwidget\"><\/span><\/span>M\u00e9diath\u00e8que d&rsquo;Evian, Th\u00e9\u00e2tre de l&rsquo;alliance fran\u00e7aise, <span id=\"yui_3_5_0_1_1412423823320_29090\" class=\"yui3-htmleditorwidget-content\"><span id=\"yui_3_5_0_1_1412423823320_32343\"><span id=\"yui_3_5_0_1_1412423823320_32342\"><span id=\"yui_3_5_0_1_1412423823320_32341\" style=\"font-family: Arial,sans-serif;\">Grand Parquet (Paris), <\/span><\/span><\/span>Saison culturelle de Boussy Saint Antoine (91) en 2013, P\u00e9niche Antipode Paris.\u00a0<span id=\"yui_3_5_0_1_1412423823320_29088\" class=\"yui3-widget yui3-inputwidget yui3-htmleditorwidget\">\u00a0<\/span> M\u00e9diath\u00e8que de La Seyne-sur-Mer (Var) (Printemps des po\u00e8tes). Festival \u00ab\u00a0D\u00e9&#8230;lires et D\u00e9lices\u00a0\u00bb Sanguinet (Landes). <span id=\"yui_3_5_0_1_1412423823320_29088\" class=\"yui3-widget yui3-inputwidget yui3-htmleditorwidget\">2011 <\/span>MESCHERS (espace des possibles &#8211; Charente-Maritime) <\/span><\/p>\n<p>Le Mur des Mots<br \/>\nMaison du Livre, 20 mars 2015 \u00e0 Bruxelles dans le cadre de la f\u00eate de la langue fran\u00e7aise (du 14 au 22 mars 2015).<\/p>\n<p><a title=\"Le Vent, sa Vie, son \u0152uvre \u2026\" href=\"http:\/\/lalanguedesoiseaux.fr\/wp\/?page_id=36\">Le Vent, sa Vie son \u0152uvre &#8230;<\/a><br \/>\ngrands et petits lieux de spectacle, centre culturel scientifiques<br \/>\n\u00c0 Paris au \u00ab Petit Ney \u00bb, au \u00ab Buveur de Lune \u00bb, au Th\u00e9\u00e2tre \u00ab Pandora \u00bb. \u00b7 \u00c0 Rambouillet \u00e0 \u00ab La Bergerie \u00bb lors d\u2019une convention de l \u2019ANSTJ, \u00b7 Festival \u00ab Sc\u00e8nes d \u2019Automne \u00bb, \u00e0 Soissons au th\u00e9\u00e2tre \u00abSaint M\u00e9dard \u00bb. \u00b7 Septembre 2002 \u00e0 la salle Fran\u00e7ois Mitterrand, \u00e0 LORGUES dans le Var, en collaboration avec Honorin Victoire, auteur de la \u00ab Petite encyclop\u00e9die des vents de France \u00bb. \u00b7 \u00ab Jardin du Vent \u00bb \u00e0 Notre Dame De Monts. \u00b7 Programmation r\u00e9guli\u00e8re au \u00ab Th\u00e9\u00e2tre de l\u2019Ogresse \u00bb \u00e0 Paris\u2026 \u00b7 \u00ab Jardin du Vent \u00bb \u00e0 Notre Dame De Monts. \u00b7\u00a0 Centre Culturel Scientifique \u00ab Atlas \u00bb de Saint Ouen. \u00b7 Centre culturel Danglemont (mairie des Lilas). \u00b7\u00a0 Centre Culturel Scientifique de la Rotonde \u00e0 Saint Etienne. \u00b7 Palais des Congr\u00e8s de Saint Jean de Monts. \u00b7 MJC de Chaponost (Lyon) \u00b7 : Centre culturel scientifique \u00ab\u00a0L\u2019arche des m\u00e9tiers\u00a0\u00bb du Cheylard (Ard\u00e8che) \u00b7 festival \u00ab Du rififi aux Batignolles \u00bb\u00a0 s\u00e9lectionn\u00e9 pour plusieurs repr\u00e9sentations \u00e0 l\u2019 ANPE du spectacle destin\u00e9es aux professionnels \u00e0 Paris. \u00b7 La cave \u00e0 th\u00e9\u00e2tre, Colombes \u00b7 \u00ab La biscuiterie \u00bb \u00e0 Ch\u00e2teau Thierry ..<br \/>\n<span id=\"yui_3_5_0_1_1412423823320_29090\" class=\"yui3-htmleditorwidget-content\"><\/span><\/p>\n<p><a title=\"Chansons \u2013 \u00e9lixirs\" href=\"http:\/\/lalanguedesoiseaux.fr\/wp\/?page_id=30\">Chansons &#8211; \u00e9lixirs<\/a><br \/>\nLozanne &#8211; 2015, Paris : Le Kib\u00e9l\u00e9, Le Connetable, La Barricade, P\u00e9niche Antipode, La Manufacture de la Chanson, Le Soleil de la Butte &#8230;<\/p>\n","protected":false},"excerpt":{"rendered":"<p>Je suis le vent Centres scientifiques, centres culturels : Cit\u00e9 des Sciences de la Villette (Cit\u00e9 des enfants ) Paris &#8211; Les dimanches de la Science, Cap Sciences, Bordeaux &#8211; Centre Culturel Scientifique \u00ab Atlas \u00bb, Saint Ouen &#8211; Palais des congr\u00e8s de Saint Jean de Monts &#8211; F\u00eate du vent, Epizon (Haute-Marne) &#8211; Festival&#8230;<\/p>\n","protected":false},"author":1,"featured_media":0,"parent":0,"menu_order":0,"comment_status":"closed","ping_status":"closed","template":"","meta":{"footnotes":""},"_links":{"self":[{"href":"https:\/\/lalanguedesoiseaux.fr\/index.php?rest_route=\/wp\/v2\/pages\/20"}],"collection":[{"href":"https:\/\/lalanguedesoiseaux.fr\/index.php?rest_route=\/wp\/v2\/pages"}],"about":[{"href":"https:\/\/lalanguedesoiseaux.fr\/index.php?rest_route=\/wp\/v2\/types\/page"}],"author":[{"embeddable":true,"href":"https:\/\/lalanguedesoiseaux.fr\/index.php?rest_route=\/wp\/v2\/users\/1"}],"replies":[{"embeddable":true,"href":"https:\/\/lalanguedesoiseaux.fr\/index.php?rest_route=%2Fwp%2Fv2%2Fcomments&post=20"}],"version-history":[{"count":14,"href":"https:\/\/lalanguedesoiseaux.fr\/index.php?rest_route=\/wp\/v2\/pages\/20\/revisions"}],"predecessor-version":[{"id":237,"href":"https:\/\/lalanguedesoiseaux.fr\/index.php?rest_route=\/wp\/v2\/pages\/20\/revisions\/237"}],"wp:attachment":[{"href":"https:\/\/lalanguedesoiseaux.fr\/index.php?rest_route=%2Fwp%2Fv2%2Fmedia&parent=20"}],"curies":[{"name":"wp","href":"https:\/\/api.w.org\/{rel}","templated":true}]}}