{"id":186,"date":"2016-01-20T17:09:10","date_gmt":"2016-01-20T17:09:10","guid":{"rendered":"http:\/\/lalanguedesoiseaux.fr\/wp\/?page_id=186"},"modified":"2018-12-11T18:44:18","modified_gmt":"2018-12-11T18:44:18","slug":"le-taxi-fixe","status":"publish","type":"page","link":"https:\/\/lalanguedesoiseaux.fr\/?page_id=186","title":{"rendered":"LE TAXI FIXE"},"content":{"rendered":"<h6 style=\"text-align: center;\" align=\"LEFT\"><span style=\"font-family: ArialMT,sans-serif;\"><span style=\"font-size: x-large;\">\u00a0\u00a0\u00a0\u00a0\u00a0\u00a0\u00a0\u00a0\u00a0\u00a0\u00a0\u00a0\u00a0\u00a0 LE TAXI FIXE<br \/>\nSpectacle de rue (ou de parking&#8230;)<br \/>\n<span style=\"color: #000000;\">\u00a0\u00a0\u00a0\u00a0\u00a0\u00a0\u00a0\u00a0\u00a0\u00a0\u00a0\u00a0\u00a0\u00a0\u00a0\u00a0\u00a0 \u00ab\u00a0Partez sans bouger !\u00a0\u00bb<\/span><\/span><\/span><span style=\"color: #000000;\"><span style=\"font-family: ArialMT,sans-serif;\"><span style=\"font-size: x-large;\"><br \/>\n<\/span><\/span><\/span>Bande annonce (1mn)<span style=\"color: #000000;\"><span style=\"font-family: ArialMT,sans-serif;\"><span style=\"font-size: x-large;\"><br \/>\n<\/span><\/span><\/span><\/h6>\n<p><iframe loading=\"lazy\" width=\"644\" height=\"362\" src=\"https:\/\/www.youtube.com\/embed\/KwJuTfgFYmA?feature=oembed\" frameborder=\"0\" allow=\"accelerometer; autoplay; encrypted-media; gyroscope; picture-in-picture\" allowfullscreen><\/iframe><\/p>\n<h4><span style=\"color: #000000;\"><span style=\"font-family: Arial,sans-serif;\"><span style=\"font-size: large;\">Un com\u00e9dien-chauffeur invite des spectateurs (3\/4 personnes maximum) \u00e0 s&rsquo;installer dans le Taxi Fixe (une voiture d\u00e9tourn\u00e9e sur laquelle a \u00e9t\u00e9 install\u00e9 un luminaire (ou tout autre v\u00e9hicule)). <\/span><\/span><\/span><span class=\"Apple-style-span\">Le com\u00e9dien propose aux passagers plusieurs voyages-lectures \u00e0 travers diff\u00e9rents \u00abTourop\u00e9rauteurs\u00bb.<br \/>\n<\/span><span class=\"Apple-style-span\">En fonction du choix des voyageurs, il joue-lit des textes sp\u00e9cifiques comme autant de destinations possibles. Quelques exemples de courses\/lectures :<\/span><\/h4>\n<h4>&#8211; Voyage interplan\u00e9taire : courte nouvelle de SF, Robert Sheckley, etc&#8230;<br \/>\n&#8211; Balade initiatique :\u00a0 conte de \u00ab\u00a0sage est-ce ?\u00a0\u00bb de Philippe Guinet<br \/>\n&#8211; \u00c9quip\u00e9e sauvage : courte nouvelle polar\/guerre<br \/>\n&#8211; New Trip : po\u00e9sie moderne (auteurs contemporains)<br \/>\n&#8211; Libre course (free ride) : le voyageur am\u00e8ne son propre \u00ab\u00a0itin\u00e9raire textuel\u00a0\u00bb, texte original ou extrait de livre qu&rsquo;il veut entendre&#8230;Le conducteur lit son texte&#8230;<\/h4>\n<h4><span style=\"color: #000000;\"><span style=\"font-family: ArialMT,sans-serif;\"><a href=\"http:\/\/lalanguedesoiseaux.fr\/wp-content\/uploads\/2016\/01\/gros-plan.jpg\"><img loading=\"lazy\" decoding=\"async\" class=\"alignnone wp-image-187\" src=\"http:\/\/lalanguedesoiseaux.fr\/wp-content\/uploads\/2016\/01\/gros-plan-744x744.jpg\" alt=\"\" width=\"260\" height=\"260\" srcset=\"https:\/\/lalanguedesoiseaux.fr\/wp-content\/uploads\/2016\/01\/gros-plan-744x744.jpg 744w, https:\/\/lalanguedesoiseaux.fr\/wp-content\/uploads\/2016\/01\/gros-plan-420x420.jpg 420w, https:\/\/lalanguedesoiseaux.fr\/wp-content\/uploads\/2016\/01\/gros-plan-644x644.jpg 644w, https:\/\/lalanguedesoiseaux.fr\/wp-content\/uploads\/2016\/01\/gros-plan.jpg 960w\" sizes=\"(max-width: 260px) 100vw, 260px\" \/><\/a><\/span><\/span><\/h4>\n<p><strong>Chaque \u00ab\u00a0course\u00a0\u00bb dure environ 10 minutes : sur une journ\u00e9e (dans le cadre d&rsquo;un par exemple d&rsquo;un festival), il est possible, de programmer successivement plusieurs courses (en fonction de la demande) sur diff\u00e9rentes plages horaires\u00a0 pour une dur\u00e9e d&rsquo;environ 1h30<\/strong>.<\/p>\n<h6>Ce spectacle a \u00e9t\u00e9 jou\u00e9 :<br \/>\n&#8211; En avril 2017 dans le cadre du festival \u00ab\u00a0Place libre\u00a0\u00bb \u00e0 Montreuil.<br \/>\n&#8211; En juin 2015 au festival des \u00ab\u00a0Rendez-fous du Roi Ren\u00e9\u00a0\u00bb \u00e0 Saint Mathurin sur Loire&#8230;<\/h6>\n","protected":false},"excerpt":{"rendered":"<p>\u00a0\u00a0\u00a0\u00a0\u00a0\u00a0\u00a0\u00a0\u00a0\u00a0\u00a0\u00a0\u00a0\u00a0 LE TAXI FIXE Spectacle de rue (ou de parking&#8230;) \u00a0\u00a0\u00a0\u00a0\u00a0\u00a0\u00a0\u00a0\u00a0\u00a0\u00a0\u00a0\u00a0\u00a0\u00a0\u00a0\u00a0 \u00ab\u00a0Partez sans bouger !\u00a0\u00bb Bande annonce (1mn) Un com\u00e9dien-chauffeur invite des spectateurs (3\/4 personnes maximum) \u00e0 s&rsquo;installer dans le Taxi Fixe (une voiture d\u00e9tourn\u00e9e sur laquelle a \u00e9t\u00e9 install\u00e9 un luminaire (ou tout autre v\u00e9hicule)). Le com\u00e9dien propose aux passagers plusieurs voyages-lectures \u00e0 travers&#8230;<\/p>\n","protected":false},"author":2,"featured_media":0,"parent":54,"menu_order":5,"comment_status":"closed","ping_status":"closed","template":"","meta":{"footnotes":""},"_links":{"self":[{"href":"https:\/\/lalanguedesoiseaux.fr\/index.php?rest_route=\/wp\/v2\/pages\/186"}],"collection":[{"href":"https:\/\/lalanguedesoiseaux.fr\/index.php?rest_route=\/wp\/v2\/pages"}],"about":[{"href":"https:\/\/lalanguedesoiseaux.fr\/index.php?rest_route=\/wp\/v2\/types\/page"}],"author":[{"embeddable":true,"href":"https:\/\/lalanguedesoiseaux.fr\/index.php?rest_route=\/wp\/v2\/users\/2"}],"replies":[{"embeddable":true,"href":"https:\/\/lalanguedesoiseaux.fr\/index.php?rest_route=%2Fwp%2Fv2%2Fcomments&post=186"}],"version-history":[{"count":21,"href":"https:\/\/lalanguedesoiseaux.fr\/index.php?rest_route=\/wp\/v2\/pages\/186\/revisions"}],"predecessor-version":[{"id":251,"href":"https:\/\/lalanguedesoiseaux.fr\/index.php?rest_route=\/wp\/v2\/pages\/186\/revisions\/251"}],"up":[{"embeddable":true,"href":"https:\/\/lalanguedesoiseaux.fr\/index.php?rest_route=\/wp\/v2\/pages\/54"}],"wp:attachment":[{"href":"https:\/\/lalanguedesoiseaux.fr\/index.php?rest_route=%2Fwp%2Fv2%2Fmedia&parent=186"}],"curies":[{"name":"wp","href":"https:\/\/api.w.org\/{rel}","templated":true}]}}