{"id":17,"date":"2015-02-04T13:09:07","date_gmt":"2015-02-04T13:09:07","guid":{"rendered":"http:\/\/lalanguedesoiseaux.fr\/wp\/?page_id=17"},"modified":"2024-12-26T17:54:24","modified_gmt":"2024-12-26T17:54:24","slug":"agenda-actualites","status":"publish","type":"page","link":"https:\/\/lalanguedesoiseaux.fr\/?page_id=17","title":{"rendered":"Agenda-Actu"},"content":{"rendered":"<ul>\n<li><strong>Sortie single : \u00ab\u00a0Le songe de mon \u00e9p\u00e9e\u00a0\u00bb, propuls\u00e9 par Inouie Distribution.<br \/><br \/><\/strong><\/li>\n<li><strong>Sortie single : \u00ab\u00a0J&rsquo;te t\u00e9l\u00e9pathe\u00a0\u00bb, propuls\u00e9 par Inouie Distribution.<br \/><br \/><\/strong><\/li>\n<li><strong>Concert Hugo for ever &#8211; des chansons pop sur des po\u00e8mes d&rsquo;Hugo &#8211;\u00a0 (version solo) le samedi 18 juin \u00e0 20h au Th\u00e9\u00e2tre Casalis de Cr\u00e9teil pour la soir\u00e9e \u00ab\u00a0Victor Hugo en chansons\u00a0\u00bb qui accueillera aussi d&rsquo;autres artistes.<\/strong><\/li>\n<li>\n<p><strong>Spectacle \u00ab\u00a0Je suis le vent\u00a0\u00bb, th\u00e9\u00e2tre musical jeune public, le 7 f\u00e9vrier 2020 \u00e0 10h30 \u00e0 la salle \u00ab\u00a0Le Bateau \u00a0\u00bb \u00e0 Versailles en partenariat avec l&rsquo;\u00e9cole Montessori de Versailles : nous contacter pour d&rsquo;\u00e9ventuelles invitations et plus d&rsquo;informations&#8230;<\/strong><\/p>\n<\/li>\n<li>\n<p><strong>Concert \u00ab\u00a0Hugo for ever\u00a0\u00bb &#8211; des chansons pop sur des po\u00e8mes d&rsquo;Hugo &#8211;\u00a0 (version solo) , le 14 mars 2020 \u00e0 20h30 \u00e0 la MJC de Colombes dans le cadre du printemps des po\u00e8tes.<\/strong><\/p>\n<\/li>\n<li>\n<p><strong>MON APPART! &#8211; Th\u00e9\u00e2tre musical &#8211; Les 15\/09, 13\/10, 10\/11 et 29\/12\/2019 \u00e0 21h00 au th\u00e9\u00e2tre des rendez-vous d&rsquo;ailleurs, 109 rue des haies, 75020 Paris.<\/strong><b><br \/><\/b><\/p>\n<\/li>\n<li><strong>\u00ab\u00a0MON APPART\u00a0\u00bb ! Nouveau spectacle de th\u00e9\u00e2tre musical du 5 au 28\/07 2019 \u00e0 21h45\u00a0 \u00e0 la Maison de la po\u00e9sie d\u2019Avignon, 6 rue Figui\u00e8re. T\u00e9l\/R\u00e9sa : 04 90 82 90 66<br \/><\/strong><\/li>\n<li><strong>Concert \u00ab\u00a0HUGO FOR EVER\u00a0\u00bb (version solo) le 18 janvier 2019 \u00e0 20H30 \u00e0 la maison de la po\u00e9sie d&rsquo;Avignon au\u00a0 6 rue Figui\u00e8re.<br \/><br \/><\/strong><\/li>\n<li><strong>Cabaret ZEN &#8211; Concertperformance (version solo)- le samedi 3 f\u00e9vrier \u00e0 20h30 au th\u00e9\u00e2tre du petit matin 67A rue Ferrari \u00e0 Marseille.<\/strong><br \/><strong>R\u00e9sa : <span class=\"_4n-j _3cht fsl\" data-testid=\"event-permalink-details\"><span class=\"text_exposed_show\">theatredupetitmatin(arobace)gmail.co<wbr \/>m<br \/><br \/><\/span><\/span><\/strong><\/li>\n<li><strong>Concert \u00ab\u00a0HUGO FOR EVER\u00a0\u00bb (version solo) &#8211; Le samedi 7 octobre 2017 \u00e0 16h00 \u00e0 la biblioth\u00e8que\/m\u00e9diath\u00e8que de Lyon Saint Rambert, 3 place Sch\u00f6nberg Lyon 9\u00e8me, dans le cadre du Festival <a href=\"https:\/\/www.bm-lyon.fr\/spip.php?page=agenda_date_id&amp;source=326&amp;event_id=3425\">Amply<\/a> . <br \/><br \/><\/strong><\/li>\n<li><strong>Concert \u00ab\u00a0HUGO FOR EVER\u00a0\u00bb (version SOLO)\u00a0 &#8211; le vendredi 5 f\u00e9vrier 2016 \u00e0 20h30 au Th\u00e9\u00e2tre du petit matin 67a rue Ferrari 13005 Marseille.<br \/><span class=\"fsl\"><br \/><\/span><\/strong><\/li>\n<li><strong>\u00ab\u00a0HUGO FOR EVER\u00a0\u00bb (version SOLO)\u00a0 &#8211; jeudi 16 avril 2015 \u00e0 20h00 &#8211; Th\u00e9\u00e2tre de l&rsquo;Alliance fran\u00e7aise\u00a0 &#8211;\u00a0 101 Boulevard Raspail, 75006 Paris, M\u00b0 Saint Placide.<br \/><\/strong><\/li>\n<li><strong>\u00ab\u00a0Je suis le Vent\u00a0\u00bb Th\u00e9\u00e2tre musical jeune public &#8211; 22 mai 2015\u00a0 &#8211; Salle des f\u00eates de Guignicourt &#8211;\u00a0 2 repr\u00e9sentations dans la journ\u00e9e, horaires \u00e0 confirmer &#8211; Spectacle pour les scolaires en partenariat avec la mairie de Guignicourt <br \/><\/strong><\/li>\n<\/ul>\n<ul>\n<li><strong>Concert HUGO FOR EVER (en version solo)\u00a0\u00a0\u00a0 &#8211;\u00a0\u00a0\u00a0 28 f\u00e9vrier 2015 \u00e0 17h00\u00a0\u00a0 &#8211;\u00a0\u00a0 Evian<\/strong><br \/><strong>M\u00e9diath\u00e8que d&rsquo;Evian\u00a0 ! Entr\u00e9e libre !<\/strong><\/li>\n<\/ul>\n<ul>\n<li><strong>LE MUR DES MOTS\u00a0\u00a0\u00a0 &#8211;\u00a0\u00a0\u00a0 20\/03\/15 \u00e0 20h30\u00a0\u00a0\u00a0 &#8211;\u00a0\u00a0\u00a0 Bruxelles<\/strong><br \/><strong>Maison du Livre, 24-28 rue de Rome, \u00e0 Bruxelles dans le cadre de la f\u00eate de la langue fran\u00e7aise (du 14 au 22 mars 2015).<\/strong><\/li>\n<\/ul>\n\n\n<p><\/p>\n","protected":false},"excerpt":{"rendered":"<p>Sortie single : \u00ab\u00a0Le songe de mon \u00e9p\u00e9e\u00a0\u00bb, propuls\u00e9 par Inouie Distribution. Sortie single : \u00ab\u00a0J&rsquo;te t\u00e9l\u00e9pathe\u00a0\u00bb, propuls\u00e9 par Inouie Distribution. Concert Hugo for ever &#8211; des chansons pop sur des po\u00e8mes d&rsquo;Hugo &#8211;\u00a0 (version solo) le samedi 18 juin \u00e0 20h au Th\u00e9\u00e2tre Casalis de Cr\u00e9teil pour la soir\u00e9e \u00ab\u00a0Victor Hugo en chansons\u00a0\u00bb qui&#8230;<\/p>\n","protected":false},"author":1,"featured_media":0,"parent":0,"menu_order":0,"comment_status":"closed","ping_status":"closed","template":"","meta":{"footnotes":""},"_links":{"self":[{"href":"https:\/\/lalanguedesoiseaux.fr\/index.php?rest_route=\/wp\/v2\/pages\/17"}],"collection":[{"href":"https:\/\/lalanguedesoiseaux.fr\/index.php?rest_route=\/wp\/v2\/pages"}],"about":[{"href":"https:\/\/lalanguedesoiseaux.fr\/index.php?rest_route=\/wp\/v2\/types\/page"}],"author":[{"embeddable":true,"href":"https:\/\/lalanguedesoiseaux.fr\/index.php?rest_route=\/wp\/v2\/users\/1"}],"replies":[{"embeddable":true,"href":"https:\/\/lalanguedesoiseaux.fr\/index.php?rest_route=%2Fwp%2Fv2%2Fcomments&post=17"}],"version-history":[{"count":28,"href":"https:\/\/lalanguedesoiseaux.fr\/index.php?rest_route=\/wp\/v2\/pages\/17\/revisions"}],"predecessor-version":[{"id":389,"href":"https:\/\/lalanguedesoiseaux.fr\/index.php?rest_route=\/wp\/v2\/pages\/17\/revisions\/389"}],"wp:attachment":[{"href":"https:\/\/lalanguedesoiseaux.fr\/index.php?rest_route=%2Fwp%2Fv2%2Fmedia&parent=17"}],"curies":[{"name":"wp","href":"https:\/\/api.w.org\/{rel}","templated":true}]}}